{"id":124,"date":"2024-08-18T15:30:12","date_gmt":"2024-08-18T13:30:12","guid":{"rendered":"https:\/\/internal.waw.pl\/?page_id=124"},"modified":"2024-09-22T20:20:09","modified_gmt":"2024-09-22T18:20:09","slug":"superwizja-2","status":"publish","type":"page","link":"https:\/\/internal.waw.pl\/?page_id=124","title":{"rendered":"Superwizja"},"content":{"rendered":"\t\t<div data-elementor-type=\"wp-post\" data-elementor-id=\"124\" class=\"elementor elementor-124\">\n\t\t\t\t<div class=\"elementor-element elementor-element-1524dfe e-con-full e-flex e-con e-parent\" data-id=\"1524dfe\" data-element_type=\"container\">\n\t\t\t\t<div class=\"elementor-element elementor-element-3ded336 elementor-drop-cap-yes elementor-drop-cap-view-default elementor-widget elementor-widget-text-editor\" data-id=\"3ded336\" data-element_type=\"widget\" data-settings=\"{&quot;drop_cap&quot;:&quot;yes&quot;}\" data-widget_type=\"text-editor.default\">\n\t\t\t\t<div class=\"elementor-widget-container\">\n\t\t\t\t\t\t\t<p>Superwizja jest jedn\u0105 z form kszta\u0142cenia terapeut\u00f3w oraz sprawdzenia, czy praca terapeuty jest\u00a0zgodna z obowi\u0105zuj\u0105c\u0105 wiedz\u0105 oraz zasadami etycznymi zawodu terapeuty.<br \/><br \/>Superwizja kliniczna jest\u00a0procesem, kt\u00f3ry polega na relacji mi\u0119dzy superwizorem (osob\u0105 odpowiedzialn\u0105 za przekazywanie\u00a0wiedzy specjalistycznej, dokonywanie oceny pracy terapeut\u00f3w oraz wspomaganie terapeut\u00f3w w\u00a0procesach prowadzonych przez nich terapii) i terapeut\u0105.<br \/><br \/>Superwizji swojej pracy poddaje si\u0119 ka\u017cdy\u00a0terapeuta, bez wzgl\u0119du na poziom zaawansowania i do\u015bwiadczenia.<br \/><br \/>Superwizuj\u0105 si\u0119 r\u00f3wnie\u017c\u00a0superwizorzy.<\/p>\t\t\t\t\t\t<\/div>\n\t\t\t\t<\/div>\n\t\t\t\t<\/div>\n\t\t<div class=\"elementor-element elementor-element-95d8cd1 e-flex e-con-boxed e-con e-parent\" data-id=\"95d8cd1\" data-element_type=\"container\">\n\t\t\t\t\t<div class=\"e-con-inner\">\n\t\t\t\t<div class=\"elementor-element elementor-element-fe45e4d elementor-widget elementor-widget-text-editor\" data-id=\"fe45e4d\" data-element_type=\"widget\" data-widget_type=\"text-editor.default\">\n\t\t\t\t<div class=\"elementor-widget-container\">\n\t\t\t\t\t\t\t<h4><strong>Cennik:<\/strong><\/h4><ul><li>Superwizja indywidualna \u2013 250 z\u0142\/50 minut<\/li><li>Superwizja grupowa \u2013 350 z\u0142\/60 minut (zazwyczaj w blokach 2h dla 4 os\u00f3b)<\/li><\/ul>\t\t\t\t\t\t<\/div>\n\t\t\t\t<\/div>\n\t\t\t\t\t<\/div>\n\t\t\t\t<\/div>\n\t\t<div class=\"elementor-element elementor-element-f4a8139 e-flex e-con-boxed e-con e-parent\" data-id=\"f4a8139\" data-element_type=\"container\">\n\t\t\t\t\t<div class=\"e-con-inner\">\n\t\t\t\t<div class=\"elementor-element elementor-element-438d6b7 elementor-widget elementor-widget-text-editor\" data-id=\"438d6b7\" data-element_type=\"widget\" data-widget_type=\"text-editor.default\">\n\t\t\t\t<div class=\"elementor-widget-container\">\n\t\t\t\t\t\t\t<div data-id=\"ea3d3ad\" data-element_type=\"container\"><div><div data-id=\"9008839\" data-element_type=\"widget\" data-widget_type=\"text-editor.default\"><div><h4><strong>Kontakt:<\/strong><\/h4><p>Je\u015bli potrzebujesz superwizji zadzwo\u0144 do nas: <strong>+48 602 697 508<\/strong><br \/>lub wy\u015blij wiadomo\u015b\u0107 przez formularz:<\/p><\/div><\/div><\/div><\/div>\t\t\t\t\t\t<\/div>\n\t\t\t\t<\/div>\n\t\t\t\t\t<\/div>\n\t\t\t\t<\/div>\n\t\t<div class=\"elementor-element elementor-element-903f635 e-flex e-con-boxed e-con e-parent\" data-id=\"903f635\" data-element_type=\"container\">\n\t\t\t\t\t<div class=\"e-con-inner\">\n\t\t\t\t<div class=\"elementor-element elementor-element-de05b3e elementor-widget elementor-widget-wpforms\" data-id=\"de05b3e\" data-element_type=\"widget\" data-widget_type=\"wpforms.default\">\n\t\t\t\t<div class=\"elementor-widget-container\">\n\t\t\t<style id=\"wpforms-css-vars-root\">\n\t\t\t\t:root {\n\t\t\t\t\t--wpforms-field-border-radius: 3px;\n--wpforms-field-border-style: solid;\n--wpforms-field-border-size: 1px;\n--wpforms-field-background-color: #ffffff;\n--wpforms-field-border-color: rgba( 0, 0, 0, 0.25 );\n--wpforms-field-border-color-spare: rgba( 0, 0, 0, 0.25 );\n--wpforms-field-text-color: rgba( 0, 0, 0, 0.7 );\n--wpforms-field-menu-color: #ffffff;\n--wpforms-label-color: rgba( 0, 0, 0, 0.85 );\n--wpforms-label-sublabel-color: rgba( 0, 0, 0, 0.55 );\n--wpforms-label-error-color: #d63637;\n--wpforms-button-border-radius: 3px;\n--wpforms-button-border-style: none;\n--wpforms-button-border-size: 1px;\n--wpforms-button-background-color: #066aab;\n--wpforms-button-border-color: #066aab;\n--wpforms-button-text-color: #ffffff;\n--wpforms-page-break-color: #066aab;\n--wpforms-background-image: none;\n--wpforms-background-position: center center;\n--wpforms-background-repeat: no-repeat;\n--wpforms-background-size: cover;\n--wpforms-background-width: 100px;\n--wpforms-background-height: 100px;\n--wpforms-background-color: rgba( 0, 0, 0, 0 );\n--wpforms-background-url: none;\n--wpforms-container-padding: 0px;\n--wpforms-container-border-style: none;\n--wpforms-container-border-width: 1px;\n--wpforms-container-border-color: #000000;\n--wpforms-container-border-radius: 3px;\n--wpforms-field-size-input-height: 43px;\n--wpforms-field-size-input-spacing: 15px;\n--wpforms-field-size-font-size: 16px;\n--wpforms-field-size-line-height: 19px;\n--wpforms-field-size-padding-h: 14px;\n--wpforms-field-size-checkbox-size: 16px;\n--wpforms-field-size-sublabel-spacing: 5px;\n--wpforms-field-size-icon-size: 1;\n--wpforms-label-size-font-size: 16px;\n--wpforms-label-size-line-height: 19px;\n--wpforms-label-size-sublabel-font-size: 14px;\n--wpforms-label-size-sublabel-line-height: 17px;\n--wpforms-button-size-font-size: 17px;\n--wpforms-button-size-height: 41px;\n--wpforms-button-size-padding-h: 15px;\n--wpforms-button-size-margin-top: 10px;\n--wpforms-container-shadow-size-box-shadow: none;\n\n\t\t\t\t}\n\t\t\t<\/style><style id=\"wpforms-css-vars-elementor-widget-de05b3e\">\n\t\t\t\t.elementor-widget-wpforms.elementor-element-de05b3e {\n\t\t\t\t\t--wpforms-field-size-input-height: 43px;\n--wpforms-field-size-input-spacing: 15px;\n--wpforms-field-size-font-size: 16px;\n--wpforms-field-size-line-height: 19px;\n--wpforms-field-size-padding-h: 14px;\n--wpforms-field-size-checkbox-size: 16px;\n--wpforms-field-size-sublabel-spacing: 5px;\n--wpforms-field-size-icon-size: 1;\n--wpforms-label-size-font-size: 16px;\n--wpforms-label-size-line-height: 19px;\n--wpforms-label-size-sublabel-font-size: 14px;\n--wpforms-label-size-sublabel-line-height: 17px;\n--wpforms-button-size-font-size: 17px;\n--wpforms-button-size-height: 41px;\n--wpforms-button-size-padding-h: 15px;\n--wpforms-button-size-margin-top: 10px;\n\n\t\t\t\t}\n\t\t\t<\/style><div class=\"wpforms-container wpforms-container-full wpforms-render-modern\" id=\"wpforms-300\"><form id=\"wpforms-form-300\" class=\"wpforms-validate wpforms-form wpforms-ajax-form\" data-formid=\"300\" method=\"post\" enctype=\"multipart\/form-data\" action=\"\/index.php?rest_route=%2Fwp%2Fv2%2Fpages%2F124\" data-token=\"bc361dbd0781eb590e340160f9228519\" data-token-time=\"1776424800\"><noscript class=\"wpforms-error-noscript\">Aby wype\u0142ni\u0107 ten formularz, w\u0142\u0105cz obs\u0142ug\u0119 JavaScript w przegl\u0105darce.<\/noscript><div class=\"wpforms-hidden\" id=\"wpforms-error-noscript\">Aby wype\u0142ni\u0107 ten formularz, w\u0142\u0105cz obs\u0142ug\u0119 JavaScript w przegl\u0105darce.<\/div><div class=\"wpforms-field-container\"><div id=\"wpforms-300-field_1-container\" class=\"wpforms-field wpforms-field-email\" data-field-id=\"1\"><label class=\"wpforms-field-label\" for=\"wpforms-300-field_1\">Adres e-mail <span class=\"wpforms-required-label\" aria-hidden=\"true\">*<\/span><\/label><input type=\"email\" id=\"wpforms-300-field_1\" class=\"wpforms-field-medium wpforms-field-required\" name=\"wpforms[fields][1]\" spellcheck=\"false\" aria-errormessage=\"wpforms-300-field_1-error\" required><\/div><div id=\"wpforms-300-field_2-container\" class=\"wpforms-field wpforms-field-name\" data-field-id=\"2\"><fieldset><legend class=\"wpforms-field-label\">Imi\u0119 i nazwisko<\/legend><div class=\"wpforms-field-row wpforms-field-medium\"><div class=\"wpforms-field-row-block wpforms-first wpforms-one-half\"><input type=\"text\" id=\"wpforms-300-field_2\" class=\"wpforms-field-name-first\" name=\"wpforms[fields][2][first]\" aria-errormessage=\"wpforms-300-field_2-error\" ><label for=\"wpforms-300-field_2\" class=\"wpforms-field-sublabel after\">Imi\u0119<\/label><\/div><div class=\"wpforms-field-row-block wpforms-one-half\"><input type=\"text\" id=\"wpforms-300-field_2-last\" class=\"wpforms-field-name-last\" name=\"wpforms[fields][2][last]\" aria-errormessage=\"wpforms-300-field_2-last-error\" ><label for=\"wpforms-300-field_2-last\" class=\"wpforms-field-sublabel after\">Nazwisko<\/label><\/div><\/div><\/fieldset><\/div><div id=\"wpforms-300-field_3-container\" class=\"wpforms-field wpforms-field-textarea\" data-field-id=\"3\"><label class=\"wpforms-field-label\" for=\"wpforms-300-field_3\">Wiadomo\u015b\u0107 <span class=\"wpforms-required-label\" aria-hidden=\"true\">*<\/span><\/label><textarea id=\"wpforms-300-field_3\" class=\"wpforms-field-medium wpforms-field-required\" name=\"wpforms[fields][3]\" aria-errormessage=\"wpforms-300-field_3-error\" required><\/textarea><\/div><\/div><!-- .wpforms-field-container --><div class=\"wpforms-submit-container\" ><input type=\"hidden\" name=\"wpforms[id]\" value=\"300\"><input type=\"hidden\" name=\"page_title\" value=\"\"><input type=\"hidden\" name=\"page_url\" value=\"https:\/\/internal.waw.pl\/index.php?rest_route=%2Fwp%2Fv2%2Fpages%2F124\"><button type=\"submit\" name=\"wpforms[submit]\" id=\"wpforms-submit-300\" class=\"wpforms-submit\" data-alt-text=\"Wysy\u0142anie...\" data-submit-text=\"Prze\u015blij\" aria-live=\"assertive\" value=\"wpforms-submit\">Prze\u015blij<\/button><img decoding=\"async\" src=\"https:\/\/internal.waw.pl\/wp-content\/plugins\/wpforms-lite\/assets\/images\/submit-spin.svg\" class=\"wpforms-submit-spinner\" style=\"display: none;\" width=\"26\" height=\"26\" alt=\"Wczytywanie\"><\/div><\/form><\/div>  <!-- .wpforms-container -->\t\t<\/div>\n\t\t\t\t<\/div>\n\t\t\t\t\t<\/div>\n\t\t\t\t<\/div>\n\t\t\t\t<\/div>\n\t\t","protected":false},"excerpt":{"rendered":"<p>Superwizja jest jedn\u0105 z form kszta\u0142cenia terapeut\u00f3w oraz sprawdzenia, czy praca terapeuty jest\u00a0zgodna z obowi\u0105zuj\u0105c\u0105 wiedz\u0105 oraz zasadami etycznymi zawodu terapeuty. Superwizja kliniczna jest\u00a0procesem, kt\u00f3ry polega na relacji mi\u0119dzy superwizorem (osob\u0105 odpowiedzialn\u0105 za przekazywanie\u00a0wiedzy specjalistycznej, dokonywanie oceny pracy terapeut\u00f3w oraz wspomaganie terapeut\u00f3w w\u00a0procesach prowadzonych przez nich terapii) i terapeut\u0105. Superwizji swojej pracy poddaje si\u0119 ka\u017cdy\u00a0terapeuta, [&hellip;]<\/p>\n","protected":false},"author":1,"featured_media":0,"parent":0,"menu_order":0,"comment_status":"closed","ping_status":"closed","template":"","meta":{"footnotes":""},"class_list":["post-124","page","type-page","status-publish","hentry"],"yoast_head":"<!-- This site is optimized with the Yoast SEO plugin v22.6 - https:\/\/yoast.com\/wordpress\/plugins\/seo\/ -->\n<title>Superwizja - INTERNAL<\/title>\n<meta name=\"robots\" content=\"index, follow, max-snippet:-1, max-image-preview:large, max-video-preview:-1\" \/>\n<link rel=\"canonical\" href=\"https:\/\/internal.waw.pl\/?page_id=124\" \/>\n<meta property=\"og:locale\" content=\"pl_PL\" \/>\n<meta property=\"og:type\" content=\"article\" \/>\n<meta property=\"og:title\" content=\"Superwizja - INTERNAL\" \/>\n<meta property=\"og:description\" content=\"Superwizja jest jedn\u0105 z form kszta\u0142cenia terapeut\u00f3w oraz sprawdzenia, czy praca terapeuty jest\u00a0zgodna z obowi\u0105zuj\u0105c\u0105 wiedz\u0105 oraz zasadami etycznymi zawodu terapeuty. Superwizja kliniczna jest\u00a0procesem, kt\u00f3ry polega na relacji mi\u0119dzy superwizorem (osob\u0105 odpowiedzialn\u0105 za przekazywanie\u00a0wiedzy specjalistycznej, dokonywanie oceny pracy terapeut\u00f3w oraz wspomaganie terapeut\u00f3w w\u00a0procesach prowadzonych przez nich terapii) i terapeut\u0105. Superwizji swojej pracy poddaje si\u0119 ka\u017cdy\u00a0terapeuta, [&hellip;]\" \/>\n<meta property=\"og:url\" content=\"https:\/\/internal.waw.pl\/?page_id=124\" \/>\n<meta property=\"og:site_name\" content=\"INTERNAL\" \/>\n<meta property=\"article:modified_time\" content=\"2024-09-22T18:20:09+00:00\" \/>\n<meta property=\"og:image\" content=\"https:\/\/internal.waw.pl\/wp-content\/plugins\/wpforms-lite\/assets\/images\/submit-spin.svg\" \/>\n<meta name=\"twitter:card\" content=\"summary_large_image\" \/>\n<meta name=\"twitter:label1\" content=\"Szacowany czas czytania\" \/>\n\t<meta name=\"twitter:data1\" content=\"1 minuta\" \/>\n<script type=\"application\/ld+json\" class=\"yoast-schema-graph\">{\"@context\":\"https:\/\/schema.org\",\"@graph\":[{\"@type\":\"WebPage\",\"@id\":\"https:\/\/internal.waw.pl\/?page_id=124\",\"url\":\"https:\/\/internal.waw.pl\/?page_id=124\",\"name\":\"Superwizja - INTERNAL\",\"isPartOf\":{\"@id\":\"https:\/\/internal.waw.pl\/#website\"},\"primaryImageOfPage\":{\"@id\":\"https:\/\/internal.waw.pl\/?page_id=124#primaryimage\"},\"image\":{\"@id\":\"https:\/\/internal.waw.pl\/?page_id=124#primaryimage\"},\"thumbnailUrl\":\"https:\/\/internal.waw.pl\/wp-content\/plugins\/wpforms-lite\/assets\/images\/submit-spin.svg\",\"datePublished\":\"2024-08-18T13:30:12+00:00\",\"dateModified\":\"2024-09-22T18:20:09+00:00\",\"breadcrumb\":{\"@id\":\"https:\/\/internal.waw.pl\/?page_id=124#breadcrumb\"},\"inLanguage\":\"pl-PL\",\"potentialAction\":[{\"@type\":\"ReadAction\",\"target\":[\"https:\/\/internal.waw.pl\/?page_id=124\"]}]},{\"@type\":\"ImageObject\",\"inLanguage\":\"pl-PL\",\"@id\":\"https:\/\/internal.waw.pl\/?page_id=124#primaryimage\",\"url\":\"https:\/\/internal.waw.pl\/wp-content\/plugins\/wpforms-lite\/assets\/images\/submit-spin.svg\",\"contentUrl\":\"https:\/\/internal.waw.pl\/wp-content\/plugins\/wpforms-lite\/assets\/images\/submit-spin.svg\"},{\"@type\":\"BreadcrumbList\",\"@id\":\"https:\/\/internal.waw.pl\/?page_id=124#breadcrumb\",\"itemListElement\":[{\"@type\":\"ListItem\",\"position\":1,\"name\":\"Home\",\"item\":\"https:\/\/internal.waw.pl\/\"},{\"@type\":\"ListItem\",\"position\":2,\"name\":\"Superwizja\"}]},{\"@type\":\"WebSite\",\"@id\":\"https:\/\/internal.waw.pl\/#website\",\"url\":\"https:\/\/internal.waw.pl\/\",\"name\":\"INTERNAL\",\"description\":\"Szkolenia\",\"publisher\":{\"@id\":\"https:\/\/internal.waw.pl\/#organization\"},\"potentialAction\":[{\"@type\":\"SearchAction\",\"target\":{\"@type\":\"EntryPoint\",\"urlTemplate\":\"https:\/\/internal.waw.pl\/?s={search_term_string}\"},\"query-input\":\"required name=search_term_string\"}],\"inLanguage\":\"pl-PL\"},{\"@type\":\"Organization\",\"@id\":\"https:\/\/internal.waw.pl\/#organization\",\"name\":\"INTERNAL\",\"url\":\"https:\/\/internal.waw.pl\/\",\"logo\":{\"@type\":\"ImageObject\",\"inLanguage\":\"pl-PL\",\"@id\":\"https:\/\/internal.waw.pl\/#\/schema\/logo\/image\/\",\"url\":\"https:\/\/internal.waw.pl\/wp-content\/uploads\/2024\/05\/internal.jpg\",\"contentUrl\":\"https:\/\/internal.waw.pl\/wp-content\/uploads\/2024\/05\/internal.jpg\",\"width\":771,\"height\":100,\"caption\":\"INTERNAL\"},\"image\":{\"@id\":\"https:\/\/internal.waw.pl\/#\/schema\/logo\/image\/\"}}]}<\/script>\n<!-- \/ Yoast SEO plugin. -->","yoast_head_json":{"title":"Superwizja - INTERNAL","robots":{"index":"index","follow":"follow","max-snippet":"max-snippet:-1","max-image-preview":"max-image-preview:large","max-video-preview":"max-video-preview:-1"},"canonical":"https:\/\/internal.waw.pl\/?page_id=124","og_locale":"pl_PL","og_type":"article","og_title":"Superwizja - INTERNAL","og_description":"Superwizja jest jedn\u0105 z form kszta\u0142cenia terapeut\u00f3w oraz sprawdzenia, czy praca terapeuty jest\u00a0zgodna z obowi\u0105zuj\u0105c\u0105 wiedz\u0105 oraz zasadami etycznymi zawodu terapeuty. Superwizja kliniczna jest\u00a0procesem, kt\u00f3ry polega na relacji mi\u0119dzy superwizorem (osob\u0105 odpowiedzialn\u0105 za przekazywanie\u00a0wiedzy specjalistycznej, dokonywanie oceny pracy terapeut\u00f3w oraz wspomaganie terapeut\u00f3w w\u00a0procesach prowadzonych przez nich terapii) i terapeut\u0105. Superwizji swojej pracy poddaje si\u0119 ka\u017cdy\u00a0terapeuta, [&hellip;]","og_url":"https:\/\/internal.waw.pl\/?page_id=124","og_site_name":"INTERNAL","article_modified_time":"2024-09-22T18:20:09+00:00","og_image":[{"url":"https:\/\/internal.waw.pl\/wp-content\/plugins\/wpforms-lite\/assets\/images\/submit-spin.svg"}],"twitter_card":"summary_large_image","twitter_misc":{"Szacowany czas czytania":"1 minuta"},"schema":{"@context":"https:\/\/schema.org","@graph":[{"@type":"WebPage","@id":"https:\/\/internal.waw.pl\/?page_id=124","url":"https:\/\/internal.waw.pl\/?page_id=124","name":"Superwizja - INTERNAL","isPartOf":{"@id":"https:\/\/internal.waw.pl\/#website"},"primaryImageOfPage":{"@id":"https:\/\/internal.waw.pl\/?page_id=124#primaryimage"},"image":{"@id":"https:\/\/internal.waw.pl\/?page_id=124#primaryimage"},"thumbnailUrl":"https:\/\/internal.waw.pl\/wp-content\/plugins\/wpforms-lite\/assets\/images\/submit-spin.svg","datePublished":"2024-08-18T13:30:12+00:00","dateModified":"2024-09-22T18:20:09+00:00","breadcrumb":{"@id":"https:\/\/internal.waw.pl\/?page_id=124#breadcrumb"},"inLanguage":"pl-PL","potentialAction":[{"@type":"ReadAction","target":["https:\/\/internal.waw.pl\/?page_id=124"]}]},{"@type":"ImageObject","inLanguage":"pl-PL","@id":"https:\/\/internal.waw.pl\/?page_id=124#primaryimage","url":"https:\/\/internal.waw.pl\/wp-content\/plugins\/wpforms-lite\/assets\/images\/submit-spin.svg","contentUrl":"https:\/\/internal.waw.pl\/wp-content\/plugins\/wpforms-lite\/assets\/images\/submit-spin.svg"},{"@type":"BreadcrumbList","@id":"https:\/\/internal.waw.pl\/?page_id=124#breadcrumb","itemListElement":[{"@type":"ListItem","position":1,"name":"Home","item":"https:\/\/internal.waw.pl\/"},{"@type":"ListItem","position":2,"name":"Superwizja"}]},{"@type":"WebSite","@id":"https:\/\/internal.waw.pl\/#website","url":"https:\/\/internal.waw.pl\/","name":"INTERNAL","description":"Szkolenia","publisher":{"@id":"https:\/\/internal.waw.pl\/#organization"},"potentialAction":[{"@type":"SearchAction","target":{"@type":"EntryPoint","urlTemplate":"https:\/\/internal.waw.pl\/?s={search_term_string}"},"query-input":"required name=search_term_string"}],"inLanguage":"pl-PL"},{"@type":"Organization","@id":"https:\/\/internal.waw.pl\/#organization","name":"INTERNAL","url":"https:\/\/internal.waw.pl\/","logo":{"@type":"ImageObject","inLanguage":"pl-PL","@id":"https:\/\/internal.waw.pl\/#\/schema\/logo\/image\/","url":"https:\/\/internal.waw.pl\/wp-content\/uploads\/2024\/05\/internal.jpg","contentUrl":"https:\/\/internal.waw.pl\/wp-content\/uploads\/2024\/05\/internal.jpg","width":771,"height":100,"caption":"INTERNAL"},"image":{"@id":"https:\/\/internal.waw.pl\/#\/schema\/logo\/image\/"}}]}},"_links":{"self":[{"href":"https:\/\/internal.waw.pl\/index.php?rest_route=\/wp\/v2\/pages\/124","targetHints":{"allow":["GET"]}}],"collection":[{"href":"https:\/\/internal.waw.pl\/index.php?rest_route=\/wp\/v2\/pages"}],"about":[{"href":"https:\/\/internal.waw.pl\/index.php?rest_route=\/wp\/v2\/types\/page"}],"author":[{"embeddable":true,"href":"https:\/\/internal.waw.pl\/index.php?rest_route=\/wp\/v2\/users\/1"}],"replies":[{"embeddable":true,"href":"https:\/\/internal.waw.pl\/index.php?rest_route=%2Fwp%2Fv2%2Fcomments&post=124"}],"version-history":[{"count":32,"href":"https:\/\/internal.waw.pl\/index.php?rest_route=\/wp\/v2\/pages\/124\/revisions"}],"predecessor-version":[{"id":318,"href":"https:\/\/internal.waw.pl\/index.php?rest_route=\/wp\/v2\/pages\/124\/revisions\/318"}],"wp:attachment":[{"href":"https:\/\/internal.waw.pl\/index.php?rest_route=%2Fwp%2Fv2%2Fmedia&parent=124"}],"curies":[{"name":"wp","href":"https:\/\/api.w.org\/{rel}","templated":true}]}}