{"id":239,"date":"2024-09-22T17:59:55","date_gmt":"2024-09-22T15:59:55","guid":{"rendered":"https:\/\/internal.waw.pl\/?page_id=239"},"modified":"2024-10-01T21:03:10","modified_gmt":"2024-10-01T19:03:10","slug":"anna-cwiklinska","status":"publish","type":"page","link":"https:\/\/internal.waw.pl\/?page_id=239","title":{"rendered":"Anna \u0106wikli\u0144ska"},"content":{"rendered":"\t\t<div data-elementor-type=\"wp-page\" data-elementor-id=\"239\" class=\"elementor elementor-239\">\n\t\t\t\t<div class=\"elementor-element elementor-element-24e968a8 e-flex e-con-boxed e-con e-parent\" data-id=\"24e968a8\" data-element_type=\"container\">\n\t\t\t\t\t<div class=\"e-con-inner\">\n\t\t\t\t<div class=\"elementor-element elementor-element-410b352f elementor-drop-cap-yes elementor-drop-cap-view-default elementor-widget elementor-widget-text-editor\" data-id=\"410b352f\" data-element_type=\"widget\" data-settings=\"{&quot;drop_cap&quot;:&quot;yes&quot;}\" data-widget_type=\"text-editor.default\">\n\t\t\t\t<div class=\"elementor-widget-container\">\n\t\t\t\t\t\t\t<p><!-- wp:paragraph --><\/p>\n<p>Jestem psychologiem, specjalist\u0105 psychologii klinicznej, certyfikowanym psychoterapeut\u0105&nbsp;poznawczo-behawioralnym (certyfikat nr 140), superwizorem-dydaktykiem PTTPiB (certyfikat nr 105), cz\u0142onkiem Polskiego Towarzystwa Terapii Poznawczej i Behawioralnej oraz Polskiego Towarzystwa Terapii Dialektyczno-Behawioralnej.<br><br>Do\u015bwiadczenie kliniczne zdobywa\u0142am w szpitalnym oddziale klinicznym, pracowa\u0142am r\u00f3wnie\u017c w poradni psychologiczno-pedagogicznej. Przez kilka lat pracowa\u0142am<br>w o\u015brodkach terapeutycznych, a od 2019 roku przyjmuj\u0119 w prywatnym gabinecie.<br><br>Wsp\u00f3\u0142pracuj\u0119 ze szko\u0142ami psychoterapii w roli wyk\u0142adowcy i superwizora.<br><br>Od 20 lat pracuj\u0119 z osobami doros\u0142ymi, m\u0142odzie\u017c\u0105, parami.<br><br>Prowadz\u0119 superwizje indywidualne i grupowe.<br><br>W swojej pracy stosuj\u0119 techniki terapii CBT, ale r\u00f3wnie\u017c ACT, Mindfulness, DBT i TS (czyli&nbsp;terapie \u201etrzeciej fali\u201d).<br><br>Moim g\u0142\u00f3wnym obszarem zainteresowa\u0144 zawodowych s\u0105 zaburzenia osobowo\u015bci, zaburzenia l\u0119kowe i afektywne.<br><br>Jestem autork\u0105 i wsp\u00f3\u0142autork\u0105 licznych publikacji naukowych i popularno-naukowych, m.in. adaptacji&nbsp;program\u00f3w terapeutycznych \u201eZaradny Kot\u201d i \u201eProgram L\u0119k\u201d (Kendall, Hedtke), rozdzia\u0142\u00f3w w ksi\u0105\u017cce&nbsp;\u201ePsychoterapia poznawczo-behawioralna dzieci<br>i m\u0142odzie\u017cy\u201d (red. Ko\u0142akowski) oraz artyku\u0142\u00f3w&nbsp;naukowych.<br><br>W swojej pracy kieruj\u0119 si\u0119 zasadami etycznymi, poddaj\u0119 si\u0119 regularnej superwizji zar\u00f3wno w kwestii pracy terapeutycznej, jak i superwizyjnej.<\/p>\n<p><!-- \/wp:paragraph --><\/p>\t\t\t\t\t\t<\/div>\n\t\t\t\t<\/div>\n\t\t\t\t\t<\/div>\n\t\t\t\t<\/div>\n\t\t<div class=\"elementor-element elementor-element-2c0613d e-flex e-con-boxed e-con e-parent\" data-id=\"2c0613d\" data-element_type=\"container\">\n\t\t\t\t\t<div class=\"e-con-inner\">\n\t\t\t\t<div class=\"elementor-element elementor-element-e518a56 elementor-widget elementor-widget-text-editor\" data-id=\"e518a56\" data-element_type=\"widget\" data-widget_type=\"text-editor.default\">\n\t\t\t\t<div class=\"elementor-widget-container\">\n\t\t\t\t\t\t\t<p><b><br \/>Skontaktuj si\u0119 ze mn\u0105:<\/b><\/p>\t\t\t\t\t\t<\/div>\n\t\t\t\t<\/div>\n\t\t\t\t<div class=\"elementor-element elementor-element-df43fb6 elementor-widget elementor-widget-wpforms\" data-id=\"df43fb6\" data-element_type=\"widget\" data-widget_type=\"wpforms.default\">\n\t\t\t\t<div class=\"elementor-widget-container\">\n\t\t\t<style id=\"wpforms-css-vars-root\">\n\t\t\t\t:root {\n\t\t\t\t\t--wpforms-field-border-radius: 3px;\n--wpforms-field-border-style: solid;\n--wpforms-field-border-size: 1px;\n--wpforms-field-background-color: #ffffff;\n--wpforms-field-border-color: rgba( 0, 0, 0, 0.25 );\n--wpforms-field-border-color-spare: rgba( 0, 0, 0, 0.25 );\n--wpforms-field-text-color: rgba( 0, 0, 0, 0.7 );\n--wpforms-field-menu-color: #ffffff;\n--wpforms-label-color: rgba( 0, 0, 0, 0.85 );\n--wpforms-label-sublabel-color: rgba( 0, 0, 0, 0.55 );\n--wpforms-label-error-color: #d63637;\n--wpforms-button-border-radius: 3px;\n--wpforms-button-border-style: none;\n--wpforms-button-border-size: 1px;\n--wpforms-button-background-color: #066aab;\n--wpforms-button-border-color: #066aab;\n--wpforms-button-text-color: #ffffff;\n--wpforms-page-break-color: #066aab;\n--wpforms-background-image: none;\n--wpforms-background-position: center center;\n--wpforms-background-repeat: no-repeat;\n--wpforms-background-size: cover;\n--wpforms-background-width: 100px;\n--wpforms-background-height: 100px;\n--wpforms-background-color: rgba( 0, 0, 0, 0 );\n--wpforms-background-url: none;\n--wpforms-container-padding: 0px;\n--wpforms-container-border-style: none;\n--wpforms-container-border-width: 1px;\n--wpforms-container-border-color: #000000;\n--wpforms-container-border-radius: 3px;\n--wpforms-field-size-input-height: 43px;\n--wpforms-field-size-input-spacing: 15px;\n--wpforms-field-size-font-size: 16px;\n--wpforms-field-size-line-height: 19px;\n--wpforms-field-size-padding-h: 14px;\n--wpforms-field-size-checkbox-size: 16px;\n--wpforms-field-size-sublabel-spacing: 5px;\n--wpforms-field-size-icon-size: 1;\n--wpforms-label-size-font-size: 16px;\n--wpforms-label-size-line-height: 19px;\n--wpforms-label-size-sublabel-font-size: 14px;\n--wpforms-label-size-sublabel-line-height: 17px;\n--wpforms-button-size-font-size: 17px;\n--wpforms-button-size-height: 41px;\n--wpforms-button-size-padding-h: 15px;\n--wpforms-button-size-margin-top: 10px;\n--wpforms-container-shadow-size-box-shadow: none;\n\n\t\t\t\t}\n\t\t\t<\/style><style id=\"wpforms-css-vars-elementor-widget-df43fb6\">\n\t\t\t\t.elementor-widget-wpforms.elementor-element-df43fb6 {\n\t\t\t\t\t--wpforms-field-size-input-height: 43px;\n--wpforms-field-size-input-spacing: 15px;\n--wpforms-field-size-font-size: 16px;\n--wpforms-field-size-line-height: 19px;\n--wpforms-field-size-padding-h: 14px;\n--wpforms-field-size-checkbox-size: 16px;\n--wpforms-field-size-sublabel-spacing: 5px;\n--wpforms-field-size-icon-size: 1;\n--wpforms-label-size-font-size: 16px;\n--wpforms-label-size-line-height: 19px;\n--wpforms-label-size-sublabel-font-size: 14px;\n--wpforms-label-size-sublabel-line-height: 17px;\n--wpforms-button-size-font-size: 17px;\n--wpforms-button-size-height: 41px;\n--wpforms-button-size-padding-h: 15px;\n--wpforms-button-size-margin-top: 10px;\n\n\t\t\t\t}\n\t\t\t<\/style><div class=\"wpforms-container wpforms-container-full wpforms-render-modern\" id=\"wpforms-366\"><form id=\"wpforms-form-366\" class=\"wpforms-validate wpforms-form wpforms-ajax-form\" data-formid=\"366\" method=\"post\" enctype=\"multipart\/form-data\" action=\"\/index.php?rest_route=%2Fwp%2Fv2%2Fpages%2F239\" data-token=\"7d5b4369eb9c5e8798ad2ac112abcdca\" data-token-time=\"1776425071\"><noscript class=\"wpforms-error-noscript\">Aby wype\u0142ni\u0107 ten formularz, w\u0142\u0105cz obs\u0142ug\u0119 JavaScript w przegl\u0105darce.<\/noscript><div class=\"wpforms-hidden\" id=\"wpforms-error-noscript\">Aby wype\u0142ni\u0107 ten formularz, w\u0142\u0105cz obs\u0142ug\u0119 JavaScript w przegl\u0105darce.<\/div><div class=\"wpforms-field-container\"><div id=\"wpforms-366-field_3-container\" class=\"wpforms-field wpforms-field-email\" data-field-id=\"3\"><label class=\"wpforms-field-label\" for=\"wpforms-366-field_3\">Adres e-mail <span class=\"wpforms-required-label\" aria-hidden=\"true\">*<\/span><\/label><input type=\"email\" id=\"wpforms-366-field_3\" class=\"wpforms-field-medium wpforms-field-required\" name=\"wpforms[fields][3]\" spellcheck=\"false\" aria-errormessage=\"wpforms-366-field_3-error\" required><\/div><div id=\"wpforms-366-field_4-container\" class=\"wpforms-field wpforms-field-name\" data-field-id=\"4\"><fieldset><legend class=\"wpforms-field-label\">Imi\u0119 i nazwisko<\/legend><div class=\"wpforms-field-row wpforms-field-medium\"><div class=\"wpforms-field-row-block wpforms-first wpforms-one-half\"><input type=\"text\" id=\"wpforms-366-field_4\" class=\"wpforms-field-name-first\" name=\"wpforms[fields][4][first]\" aria-errormessage=\"wpforms-366-field_4-error\" ><label for=\"wpforms-366-field_4\" class=\"wpforms-field-sublabel after\">Imi\u0119<\/label><\/div><div class=\"wpforms-field-row-block wpforms-one-half\"><input type=\"text\" id=\"wpforms-366-field_4-last\" class=\"wpforms-field-name-last\" name=\"wpforms[fields][4][last]\" aria-errormessage=\"wpforms-366-field_4-last-error\" ><label for=\"wpforms-366-field_4-last\" class=\"wpforms-field-sublabel after\">Nazwisko<\/label><\/div><\/div><\/fieldset><\/div><div id=\"wpforms-366-field_5-container\" class=\"wpforms-field wpforms-field-textarea\" data-field-id=\"5\"><label class=\"wpforms-field-label\" for=\"wpforms-366-field_5\">Wiadomo\u015b\u0107 <span class=\"wpforms-required-label\" aria-hidden=\"true\">*<\/span><\/label><textarea id=\"wpforms-366-field_5\" class=\"wpforms-field-medium wpforms-field-required\" name=\"wpforms[fields][5]\" aria-errormessage=\"wpforms-366-field_5-error\" required><\/textarea><\/div><\/div><!-- .wpforms-field-container --><div class=\"wpforms-submit-container\" ><input type=\"hidden\" name=\"wpforms[id]\" value=\"366\"><input type=\"hidden\" name=\"page_title\" value=\"\"><input type=\"hidden\" name=\"page_url\" value=\"https:\/\/internal.waw.pl\/index.php?rest_route=%2Fwp%2Fv2%2Fpages%2F239\"><button type=\"submit\" name=\"wpforms[submit]\" id=\"wpforms-submit-366\" class=\"wpforms-submit\" data-alt-text=\"Wysy\u0142anie...\" data-submit-text=\"Prze\u015blij\" aria-live=\"assertive\" value=\"wpforms-submit\">Prze\u015blij<\/button><img decoding=\"async\" src=\"https:\/\/internal.waw.pl\/wp-content\/plugins\/wpforms-lite\/assets\/images\/submit-spin.svg\" class=\"wpforms-submit-spinner\" style=\"display: none;\" width=\"26\" height=\"26\" alt=\"Wczytywanie\"><\/div><\/form><\/div>  <!-- .wpforms-container -->\t\t<\/div>\n\t\t\t\t<\/div>\n\t\t\t\t\t<\/div>\n\t\t\t\t<\/div>\n\t\t<div class=\"elementor-element elementor-element-2279cc8 e-flex e-con-boxed e-con e-parent\" data-id=\"2279cc8\" data-element_type=\"container\">\n\t\t\t\t\t<div class=\"e-con-inner\">\n\t\t\t\t\t<\/div>\n\t\t\t\t<\/div>\n\t\t\t\t<\/div>\n\t\t","protected":false},"excerpt":{"rendered":"<p>Jestem psychologiem, specjalist\u0105 psychologii klinicznej, certyfikowanym psychoterapeut\u0105&nbsp;poznawczo-behawioralnym (certyfikat nr 140), superwizorem-dydaktykiem PTTPiB (certyfikat nr 105), cz\u0142onkiem Polskiego Towarzystwa Terapii Poznawczej i Behawioralnej oraz Polskiego Towarzystwa Terapii Dialektyczno-Behawioralnej. Do\u015bwiadczenie kliniczne zdobywa\u0142am w szpitalnym oddziale klinicznym, pracowa\u0142am r\u00f3wnie\u017c w poradni psychologiczno-pedagogicznej. Przez kilka lat pracowa\u0142amw o\u015brodkach terapeutycznych, a od 2019 roku przyjmuj\u0119 w prywatnym gabinecie. Wsp\u00f3\u0142pracuj\u0119 ze [&hellip;]<\/p>\n","protected":false},"author":1,"featured_media":0,"parent":0,"menu_order":0,"comment_status":"closed","ping_status":"closed","template":"","meta":{"footnotes":""},"class_list":["post-239","page","type-page","status-publish","hentry"],"yoast_head":"<!-- This site is optimized with the Yoast SEO plugin v22.6 - https:\/\/yoast.com\/wordpress\/plugins\/seo\/ -->\n<title>Anna \u0106wikli\u0144ska - INTERNAL<\/title>\n<meta name=\"robots\" content=\"index, follow, max-snippet:-1, max-image-preview:large, max-video-preview:-1\" \/>\n<link rel=\"canonical\" href=\"https:\/\/internal.waw.pl\/?page_id=239\" \/>\n<meta property=\"og:locale\" content=\"pl_PL\" \/>\n<meta property=\"og:type\" content=\"article\" \/>\n<meta property=\"og:title\" content=\"Anna \u0106wikli\u0144ska - INTERNAL\" \/>\n<meta property=\"og:description\" content=\"Jestem psychologiem, specjalist\u0105 psychologii klinicznej, certyfikowanym psychoterapeut\u0105&nbsp;poznawczo-behawioralnym (certyfikat nr 140), superwizorem-dydaktykiem PTTPiB (certyfikat nr 105), cz\u0142onkiem Polskiego Towarzystwa Terapii Poznawczej i Behawioralnej oraz Polskiego Towarzystwa Terapii Dialektyczno-Behawioralnej. Do\u015bwiadczenie kliniczne zdobywa\u0142am w szpitalnym oddziale klinicznym, pracowa\u0142am r\u00f3wnie\u017c w poradni psychologiczno-pedagogicznej. Przez kilka lat pracowa\u0142amw o\u015brodkach terapeutycznych, a od 2019 roku przyjmuj\u0119 w prywatnym gabinecie. Wsp\u00f3\u0142pracuj\u0119 ze [&hellip;]\" \/>\n<meta property=\"og:url\" content=\"https:\/\/internal.waw.pl\/?page_id=239\" \/>\n<meta property=\"og:site_name\" content=\"INTERNAL\" \/>\n<meta property=\"article:modified_time\" content=\"2024-10-01T19:03:10+00:00\" \/>\n<meta property=\"og:image\" content=\"https:\/\/internal.waw.pl\/wp-content\/plugins\/wpforms-lite\/assets\/images\/submit-spin.svg\" \/>\n<meta name=\"twitter:card\" content=\"summary_large_image\" \/>\n<meta name=\"twitter:label1\" content=\"Szacowany czas czytania\" \/>\n\t<meta name=\"twitter:data1\" content=\"2 minuty\" \/>\n<script type=\"application\/ld+json\" class=\"yoast-schema-graph\">{\"@context\":\"https:\/\/schema.org\",\"@graph\":[{\"@type\":\"WebPage\",\"@id\":\"https:\/\/internal.waw.pl\/?page_id=239\",\"url\":\"https:\/\/internal.waw.pl\/?page_id=239\",\"name\":\"Anna \u0106wikli\u0144ska - INTERNAL\",\"isPartOf\":{\"@id\":\"https:\/\/internal.waw.pl\/#website\"},\"primaryImageOfPage\":{\"@id\":\"https:\/\/internal.waw.pl\/?page_id=239#primaryimage\"},\"image\":{\"@id\":\"https:\/\/internal.waw.pl\/?page_id=239#primaryimage\"},\"thumbnailUrl\":\"https:\/\/internal.waw.pl\/wp-content\/plugins\/wpforms-lite\/assets\/images\/submit-spin.svg\",\"datePublished\":\"2024-09-22T15:59:55+00:00\",\"dateModified\":\"2024-10-01T19:03:10+00:00\",\"breadcrumb\":{\"@id\":\"https:\/\/internal.waw.pl\/?page_id=239#breadcrumb\"},\"inLanguage\":\"pl-PL\",\"potentialAction\":[{\"@type\":\"ReadAction\",\"target\":[\"https:\/\/internal.waw.pl\/?page_id=239\"]}]},{\"@type\":\"ImageObject\",\"inLanguage\":\"pl-PL\",\"@id\":\"https:\/\/internal.waw.pl\/?page_id=239#primaryimage\",\"url\":\"https:\/\/internal.waw.pl\/wp-content\/plugins\/wpforms-lite\/assets\/images\/submit-spin.svg\",\"contentUrl\":\"https:\/\/internal.waw.pl\/wp-content\/plugins\/wpforms-lite\/assets\/images\/submit-spin.svg\"},{\"@type\":\"BreadcrumbList\",\"@id\":\"https:\/\/internal.waw.pl\/?page_id=239#breadcrumb\",\"itemListElement\":[{\"@type\":\"ListItem\",\"position\":1,\"name\":\"Home\",\"item\":\"https:\/\/internal.waw.pl\/\"},{\"@type\":\"ListItem\",\"position\":2,\"name\":\"Anna \u0106wikli\u0144ska\"}]},{\"@type\":\"WebSite\",\"@id\":\"https:\/\/internal.waw.pl\/#website\",\"url\":\"https:\/\/internal.waw.pl\/\",\"name\":\"INTERNAL\",\"description\":\"Szkolenia\",\"publisher\":{\"@id\":\"https:\/\/internal.waw.pl\/#organization\"},\"potentialAction\":[{\"@type\":\"SearchAction\",\"target\":{\"@type\":\"EntryPoint\",\"urlTemplate\":\"https:\/\/internal.waw.pl\/?s={search_term_string}\"},\"query-input\":\"required name=search_term_string\"}],\"inLanguage\":\"pl-PL\"},{\"@type\":\"Organization\",\"@id\":\"https:\/\/internal.waw.pl\/#organization\",\"name\":\"INTERNAL\",\"url\":\"https:\/\/internal.waw.pl\/\",\"logo\":{\"@type\":\"ImageObject\",\"inLanguage\":\"pl-PL\",\"@id\":\"https:\/\/internal.waw.pl\/#\/schema\/logo\/image\/\",\"url\":\"https:\/\/internal.waw.pl\/wp-content\/uploads\/2024\/05\/internal.jpg\",\"contentUrl\":\"https:\/\/internal.waw.pl\/wp-content\/uploads\/2024\/05\/internal.jpg\",\"width\":771,\"height\":100,\"caption\":\"INTERNAL\"},\"image\":{\"@id\":\"https:\/\/internal.waw.pl\/#\/schema\/logo\/image\/\"}}]}<\/script>\n<!-- \/ Yoast SEO plugin. -->","yoast_head_json":{"title":"Anna \u0106wikli\u0144ska - INTERNAL","robots":{"index":"index","follow":"follow","max-snippet":"max-snippet:-1","max-image-preview":"max-image-preview:large","max-video-preview":"max-video-preview:-1"},"canonical":"https:\/\/internal.waw.pl\/?page_id=239","og_locale":"pl_PL","og_type":"article","og_title":"Anna \u0106wikli\u0144ska - INTERNAL","og_description":"Jestem psychologiem, specjalist\u0105 psychologii klinicznej, certyfikowanym psychoterapeut\u0105&nbsp;poznawczo-behawioralnym (certyfikat nr 140), superwizorem-dydaktykiem PTTPiB (certyfikat nr 105), cz\u0142onkiem Polskiego Towarzystwa Terapii Poznawczej i Behawioralnej oraz Polskiego Towarzystwa Terapii Dialektyczno-Behawioralnej. Do\u015bwiadczenie kliniczne zdobywa\u0142am w szpitalnym oddziale klinicznym, pracowa\u0142am r\u00f3wnie\u017c w poradni psychologiczno-pedagogicznej. Przez kilka lat pracowa\u0142amw o\u015brodkach terapeutycznych, a od 2019 roku przyjmuj\u0119 w prywatnym gabinecie. Wsp\u00f3\u0142pracuj\u0119 ze [&hellip;]","og_url":"https:\/\/internal.waw.pl\/?page_id=239","og_site_name":"INTERNAL","article_modified_time":"2024-10-01T19:03:10+00:00","og_image":[{"url":"https:\/\/internal.waw.pl\/wp-content\/plugins\/wpforms-lite\/assets\/images\/submit-spin.svg"}],"twitter_card":"summary_large_image","twitter_misc":{"Szacowany czas czytania":"2 minuty"},"schema":{"@context":"https:\/\/schema.org","@graph":[{"@type":"WebPage","@id":"https:\/\/internal.waw.pl\/?page_id=239","url":"https:\/\/internal.waw.pl\/?page_id=239","name":"Anna \u0106wikli\u0144ska - INTERNAL","isPartOf":{"@id":"https:\/\/internal.waw.pl\/#website"},"primaryImageOfPage":{"@id":"https:\/\/internal.waw.pl\/?page_id=239#primaryimage"},"image":{"@id":"https:\/\/internal.waw.pl\/?page_id=239#primaryimage"},"thumbnailUrl":"https:\/\/internal.waw.pl\/wp-content\/plugins\/wpforms-lite\/assets\/images\/submit-spin.svg","datePublished":"2024-09-22T15:59:55+00:00","dateModified":"2024-10-01T19:03:10+00:00","breadcrumb":{"@id":"https:\/\/internal.waw.pl\/?page_id=239#breadcrumb"},"inLanguage":"pl-PL","potentialAction":[{"@type":"ReadAction","target":["https:\/\/internal.waw.pl\/?page_id=239"]}]},{"@type":"ImageObject","inLanguage":"pl-PL","@id":"https:\/\/internal.waw.pl\/?page_id=239#primaryimage","url":"https:\/\/internal.waw.pl\/wp-content\/plugins\/wpforms-lite\/assets\/images\/submit-spin.svg","contentUrl":"https:\/\/internal.waw.pl\/wp-content\/plugins\/wpforms-lite\/assets\/images\/submit-spin.svg"},{"@type":"BreadcrumbList","@id":"https:\/\/internal.waw.pl\/?page_id=239#breadcrumb","itemListElement":[{"@type":"ListItem","position":1,"name":"Home","item":"https:\/\/internal.waw.pl\/"},{"@type":"ListItem","position":2,"name":"Anna \u0106wikli\u0144ska"}]},{"@type":"WebSite","@id":"https:\/\/internal.waw.pl\/#website","url":"https:\/\/internal.waw.pl\/","name":"INTERNAL","description":"Szkolenia","publisher":{"@id":"https:\/\/internal.waw.pl\/#organization"},"potentialAction":[{"@type":"SearchAction","target":{"@type":"EntryPoint","urlTemplate":"https:\/\/internal.waw.pl\/?s={search_term_string}"},"query-input":"required name=search_term_string"}],"inLanguage":"pl-PL"},{"@type":"Organization","@id":"https:\/\/internal.waw.pl\/#organization","name":"INTERNAL","url":"https:\/\/internal.waw.pl\/","logo":{"@type":"ImageObject","inLanguage":"pl-PL","@id":"https:\/\/internal.waw.pl\/#\/schema\/logo\/image\/","url":"https:\/\/internal.waw.pl\/wp-content\/uploads\/2024\/05\/internal.jpg","contentUrl":"https:\/\/internal.waw.pl\/wp-content\/uploads\/2024\/05\/internal.jpg","width":771,"height":100,"caption":"INTERNAL"},"image":{"@id":"https:\/\/internal.waw.pl\/#\/schema\/logo\/image\/"}}]}},"_links":{"self":[{"href":"https:\/\/internal.waw.pl\/index.php?rest_route=\/wp\/v2\/pages\/239","targetHints":{"allow":["GET"]}}],"collection":[{"href":"https:\/\/internal.waw.pl\/index.php?rest_route=\/wp\/v2\/pages"}],"about":[{"href":"https:\/\/internal.waw.pl\/index.php?rest_route=\/wp\/v2\/types\/page"}],"author":[{"embeddable":true,"href":"https:\/\/internal.waw.pl\/index.php?rest_route=\/wp\/v2\/users\/1"}],"replies":[{"embeddable":true,"href":"https:\/\/internal.waw.pl\/index.php?rest_route=%2Fwp%2Fv2%2Fcomments&post=239"}],"version-history":[{"count":7,"href":"https:\/\/internal.waw.pl\/index.php?rest_route=\/wp\/v2\/pages\/239\/revisions"}],"predecessor-version":[{"id":383,"href":"https:\/\/internal.waw.pl\/index.php?rest_route=\/wp\/v2\/pages\/239\/revisions\/383"}],"wp:attachment":[{"href":"https:\/\/internal.waw.pl\/index.php?rest_route=%2Fwp%2Fv2%2Fmedia&parent=239"}],"curies":[{"name":"wp","href":"https:\/\/api.w.org\/{rel}","templated":true}]}}