{"id":329,"date":"2024-10-01T20:16:24","date_gmt":"2024-10-01T18:16:24","guid":{"rendered":"https:\/\/internal.waw.pl\/?page_id=329"},"modified":"2024-10-01T21:08:27","modified_gmt":"2024-10-01T19:08:27","slug":"monika-zientek","status":"publish","type":"page","link":"https:\/\/internal.waw.pl\/?page_id=329","title":{"rendered":"Monika Zientek"},"content":{"rendered":"\t\t<div data-elementor-type=\"wp-page\" data-elementor-id=\"329\" class=\"elementor elementor-329\">\n\t\t\t\t<div class=\"elementor-element elementor-element-fe1b382 e-flex e-con-boxed e-con e-parent\" data-id=\"fe1b382\" data-element_type=\"container\">\n\t\t\t\t\t<div class=\"e-con-inner\">\n\t\t\t\t<div class=\"elementor-element elementor-element-07451cc elementor-widget elementor-widget-text-editor\" data-id=\"07451cc\" data-element_type=\"widget\" data-widget_type=\"text-editor.default\">\n\t\t\t\t<div class=\"elementor-widget-container\">\n\t\t\t\t\t\t\t<p>Jestem psychologiem (ze specjalno\u015bci\u0105: psychologia kliniczna i zdrowia) oraz\u00a0psychoterapeutk\u0105 w nurcie poznawczo-behawioralnym CBT (jestem w trakcie ca\u0142o\u015bciowego czteroletniego szkolenia psychoterapeutycznego).<\/p><p>Pracuj\u0119 r\u00f3wnie\u017c w nurcie dialektyczno-behawioralnym DBT.<\/p><p>Uko\u0144czy\u0142am ca\u0142o\u015bciowe szkolenie Terapii Dialektyczno-Behawioralnej\u00a0DBT Comprehensive prowadzonym przez Polskie Towarzystwo Terapii Dialektyczno-Behawioralnej.<\/p>\t\t\t\t\t\t<\/div>\n\t\t\t\t<\/div>\n\t\t\t\t\t<\/div>\n\t\t\t\t<\/div>\n\t\t<div class=\"elementor-element elementor-element-c7a4abd e-flex e-con-boxed e-con e-parent\" data-id=\"c7a4abd\" data-element_type=\"container\">\n\t\t\t\t\t<div class=\"e-con-inner\">\n\t\t\t\t<div class=\"elementor-element elementor-element-d0129b2 elementor-widget elementor-widget-text-editor\" data-id=\"d0129b2\" data-element_type=\"widget\" data-widget_type=\"text-editor.default\">\n\t\t\t\t<div class=\"elementor-widget-container\">\n\t\t\t\t\t\t\t<p><br \/><b>Skontaktuj si\u0119 ze mn\u0105:<\/b><\/p>\t\t\t\t\t\t<\/div>\n\t\t\t\t<\/div>\n\t\t\t\t\t<\/div>\n\t\t\t\t<\/div>\n\t\t<div class=\"elementor-element elementor-element-05d7469 e-flex e-con-boxed e-con e-parent\" data-id=\"05d7469\" data-element_type=\"container\">\n\t\t\t\t\t<div class=\"e-con-inner\">\n\t\t\t\t<div class=\"elementor-element elementor-element-4514848 elementor-widget elementor-widget-wpforms\" data-id=\"4514848\" data-element_type=\"widget\" data-widget_type=\"wpforms.default\">\n\t\t\t\t<div class=\"elementor-widget-container\">\n\t\t\t<style id=\"wpforms-css-vars-root\">\n\t\t\t\t:root {\n\t\t\t\t\t--wpforms-field-border-radius: 3px;\n--wpforms-field-border-style: solid;\n--wpforms-field-border-size: 1px;\n--wpforms-field-background-color: #ffffff;\n--wpforms-field-border-color: rgba( 0, 0, 0, 0.25 );\n--wpforms-field-border-color-spare: rgba( 0, 0, 0, 0.25 );\n--wpforms-field-text-color: rgba( 0, 0, 0, 0.7 );\n--wpforms-field-menu-color: #ffffff;\n--wpforms-label-color: rgba( 0, 0, 0, 0.85 );\n--wpforms-label-sublabel-color: rgba( 0, 0, 0, 0.55 );\n--wpforms-label-error-color: #d63637;\n--wpforms-button-border-radius: 3px;\n--wpforms-button-border-style: none;\n--wpforms-button-border-size: 1px;\n--wpforms-button-background-color: #066aab;\n--wpforms-button-border-color: #066aab;\n--wpforms-button-text-color: #ffffff;\n--wpforms-page-break-color: #066aab;\n--wpforms-background-image: none;\n--wpforms-background-position: center center;\n--wpforms-background-repeat: no-repeat;\n--wpforms-background-size: cover;\n--wpforms-background-width: 100px;\n--wpforms-background-height: 100px;\n--wpforms-background-color: rgba( 0, 0, 0, 0 );\n--wpforms-background-url: none;\n--wpforms-container-padding: 0px;\n--wpforms-container-border-style: none;\n--wpforms-container-border-width: 1px;\n--wpforms-container-border-color: #000000;\n--wpforms-container-border-radius: 3px;\n--wpforms-field-size-input-height: 43px;\n--wpforms-field-size-input-spacing: 15px;\n--wpforms-field-size-font-size: 16px;\n--wpforms-field-size-line-height: 19px;\n--wpforms-field-size-padding-h: 14px;\n--wpforms-field-size-checkbox-size: 16px;\n--wpforms-field-size-sublabel-spacing: 5px;\n--wpforms-field-size-icon-size: 1;\n--wpforms-label-size-font-size: 16px;\n--wpforms-label-size-line-height: 19px;\n--wpforms-label-size-sublabel-font-size: 14px;\n--wpforms-label-size-sublabel-line-height: 17px;\n--wpforms-button-size-font-size: 17px;\n--wpforms-button-size-height: 41px;\n--wpforms-button-size-padding-h: 15px;\n--wpforms-button-size-margin-top: 10px;\n--wpforms-container-shadow-size-box-shadow: none;\n\n\t\t\t\t}\n\t\t\t<\/style><style id=\"wpforms-css-vars-elementor-widget-4514848\">\n\t\t\t\t.elementor-widget-wpforms.elementor-element-4514848 {\n\t\t\t\t\t--wpforms-field-size-input-height: 43px;\n--wpforms-field-size-input-spacing: 15px;\n--wpforms-field-size-font-size: 16px;\n--wpforms-field-size-line-height: 19px;\n--wpforms-field-size-padding-h: 14px;\n--wpforms-field-size-checkbox-size: 16px;\n--wpforms-field-size-sublabel-spacing: 5px;\n--wpforms-field-size-icon-size: 1;\n--wpforms-label-size-font-size: 16px;\n--wpforms-label-size-line-height: 19px;\n--wpforms-label-size-sublabel-font-size: 14px;\n--wpforms-label-size-sublabel-line-height: 17px;\n--wpforms-button-size-font-size: 17px;\n--wpforms-button-size-height: 41px;\n--wpforms-button-size-padding-h: 15px;\n--wpforms-button-size-margin-top: 10px;\n\n\t\t\t\t}\n\t\t\t<\/style><div class=\"wpforms-container wpforms-container-full wpforms-render-modern\" id=\"wpforms-372\"><form id=\"wpforms-form-372\" class=\"wpforms-validate wpforms-form wpforms-ajax-form\" data-formid=\"372\" method=\"post\" enctype=\"multipart\/form-data\" action=\"\/index.php?rest_route=%2Fwp%2Fv2%2Fpages%2F329\" data-token=\"a1a020fcd8385171416c2f6dd8eefbe7\" data-token-time=\"1776424891\"><noscript class=\"wpforms-error-noscript\">Aby wype\u0142ni\u0107 ten formularz, w\u0142\u0105cz obs\u0142ug\u0119 JavaScript w przegl\u0105darce.<\/noscript><div class=\"wpforms-hidden\" id=\"wpforms-error-noscript\">Aby wype\u0142ni\u0107 ten formularz, w\u0142\u0105cz obs\u0142ug\u0119 JavaScript w przegl\u0105darce.<\/div><div class=\"wpforms-field-container\"><div id=\"wpforms-372-field_3-container\" class=\"wpforms-field wpforms-field-email\" data-field-id=\"3\"><label class=\"wpforms-field-label\" for=\"wpforms-372-field_3\">Adres e-mail <span class=\"wpforms-required-label\" aria-hidden=\"true\">*<\/span><\/label><input type=\"email\" id=\"wpforms-372-field_3\" class=\"wpforms-field-medium wpforms-field-required\" name=\"wpforms[fields][3]\" spellcheck=\"false\" aria-errormessage=\"wpforms-372-field_3-error\" required><\/div><div id=\"wpforms-372-field_4-container\" class=\"wpforms-field wpforms-field-name\" data-field-id=\"4\"><fieldset><legend class=\"wpforms-field-label\">Imi\u0119 i nazwisko<\/legend><div class=\"wpforms-field-row wpforms-field-medium\"><div class=\"wpforms-field-row-block wpforms-first wpforms-one-half\"><input type=\"text\" id=\"wpforms-372-field_4\" class=\"wpforms-field-name-first\" name=\"wpforms[fields][4][first]\" aria-errormessage=\"wpforms-372-field_4-error\" ><label for=\"wpforms-372-field_4\" class=\"wpforms-field-sublabel after\">Imi\u0119<\/label><\/div><div class=\"wpforms-field-row-block wpforms-one-half\"><input type=\"text\" id=\"wpforms-372-field_4-last\" class=\"wpforms-field-name-last\" name=\"wpforms[fields][4][last]\" aria-errormessage=\"wpforms-372-field_4-last-error\" ><label for=\"wpforms-372-field_4-last\" class=\"wpforms-field-sublabel after\">Nazwisko<\/label><\/div><\/div><\/fieldset><\/div><div id=\"wpforms-372-field_5-container\" class=\"wpforms-field wpforms-field-textarea\" data-field-id=\"5\"><label class=\"wpforms-field-label\" for=\"wpforms-372-field_5\">Wiadomo\u015b\u0107 <span class=\"wpforms-required-label\" aria-hidden=\"true\">*<\/span><\/label><textarea id=\"wpforms-372-field_5\" class=\"wpforms-field-medium wpforms-field-required\" name=\"wpforms[fields][5]\" aria-errormessage=\"wpforms-372-field_5-error\" required><\/textarea><\/div><\/div><!-- .wpforms-field-container --><div class=\"wpforms-submit-container\" ><input type=\"hidden\" name=\"wpforms[id]\" value=\"372\"><input type=\"hidden\" name=\"page_title\" value=\"\"><input type=\"hidden\" name=\"page_url\" value=\"https:\/\/internal.waw.pl\/index.php?rest_route=%2Fwp%2Fv2%2Fpages%2F329\"><button type=\"submit\" name=\"wpforms[submit]\" id=\"wpforms-submit-372\" class=\"wpforms-submit\" data-alt-text=\"Wysy\u0142anie...\" data-submit-text=\"Prze\u015blij\" aria-live=\"assertive\" value=\"wpforms-submit\">Prze\u015blij<\/button><img decoding=\"async\" src=\"https:\/\/internal.waw.pl\/wp-content\/plugins\/wpforms-lite\/assets\/images\/submit-spin.svg\" class=\"wpforms-submit-spinner\" style=\"display: none;\" width=\"26\" height=\"26\" alt=\"Wczytywanie\"><\/div><\/form><\/div>  <!-- .wpforms-container -->\t\t<\/div>\n\t\t\t\t<\/div>\n\t\t\t\t\t<\/div>\n\t\t\t\t<\/div>\n\t\t\t\t<\/div>\n\t\t","protected":false},"excerpt":{"rendered":"<p>Jestem psychologiem (ze specjalno\u015bci\u0105: psychologia kliniczna i zdrowia) oraz\u00a0psychoterapeutk\u0105 w nurcie poznawczo-behawioralnym CBT (jestem w trakcie ca\u0142o\u015bciowego czteroletniego szkolenia psychoterapeutycznego). Pracuj\u0119 r\u00f3wnie\u017c w nurcie dialektyczno-behawioralnym DBT. Uko\u0144czy\u0142am ca\u0142o\u015bciowe szkolenie Terapii Dialektyczno-Behawioralnej\u00a0DBT Comprehensive prowadzonym przez Polskie Towarzystwo Terapii Dialektyczno-Behawioralnej. Skontaktuj si\u0119 ze mn\u0105: Aby wype\u0142ni\u0107 ten formularz, w\u0142\u0105cz obs\u0142ug\u0119 JavaScript w przegl\u0105darce.Aby wype\u0142ni\u0107 ten formularz, w\u0142\u0105cz [&hellip;]<\/p>\n","protected":false},"author":1,"featured_media":0,"parent":0,"menu_order":0,"comment_status":"closed","ping_status":"closed","template":"","meta":{"footnotes":""},"class_list":["post-329","page","type-page","status-publish","hentry"],"yoast_head":"<!-- This site is optimized with the Yoast SEO plugin v22.6 - https:\/\/yoast.com\/wordpress\/plugins\/seo\/ -->\n<title>Monika Zientek - INTERNAL<\/title>\n<meta name=\"robots\" content=\"index, follow, max-snippet:-1, max-image-preview:large, max-video-preview:-1\" \/>\n<link rel=\"canonical\" href=\"https:\/\/internal.waw.pl\/?page_id=329\" \/>\n<meta property=\"og:locale\" content=\"pl_PL\" \/>\n<meta property=\"og:type\" content=\"article\" \/>\n<meta property=\"og:title\" content=\"Monika Zientek - INTERNAL\" \/>\n<meta property=\"og:description\" content=\"Jestem psychologiem (ze specjalno\u015bci\u0105: psychologia kliniczna i zdrowia) oraz\u00a0psychoterapeutk\u0105 w nurcie poznawczo-behawioralnym CBT (jestem w trakcie ca\u0142o\u015bciowego czteroletniego szkolenia psychoterapeutycznego). Pracuj\u0119 r\u00f3wnie\u017c w nurcie dialektyczno-behawioralnym DBT. Uko\u0144czy\u0142am ca\u0142o\u015bciowe szkolenie Terapii Dialektyczno-Behawioralnej\u00a0DBT Comprehensive prowadzonym przez Polskie Towarzystwo Terapii Dialektyczno-Behawioralnej. Skontaktuj si\u0119 ze mn\u0105: Aby wype\u0142ni\u0107 ten formularz, w\u0142\u0105cz obs\u0142ug\u0119 JavaScript w przegl\u0105darce.Aby wype\u0142ni\u0107 ten formularz, w\u0142\u0105cz [&hellip;]\" \/>\n<meta property=\"og:url\" content=\"https:\/\/internal.waw.pl\/?page_id=329\" \/>\n<meta property=\"og:site_name\" content=\"INTERNAL\" \/>\n<meta property=\"article:modified_time\" content=\"2024-10-01T19:08:27+00:00\" \/>\n<meta property=\"og:image\" content=\"https:\/\/internal.waw.pl\/wp-content\/plugins\/wpforms-lite\/assets\/images\/submit-spin.svg\" \/>\n<meta name=\"twitter:card\" content=\"summary_large_image\" \/>\n<meta name=\"twitter:label1\" content=\"Szacowany czas czytania\" \/>\n\t<meta name=\"twitter:data1\" content=\"1 minuta\" \/>\n<script type=\"application\/ld+json\" class=\"yoast-schema-graph\">{\"@context\":\"https:\/\/schema.org\",\"@graph\":[{\"@type\":\"WebPage\",\"@id\":\"https:\/\/internal.waw.pl\/?page_id=329\",\"url\":\"https:\/\/internal.waw.pl\/?page_id=329\",\"name\":\"Monika Zientek - INTERNAL\",\"isPartOf\":{\"@id\":\"https:\/\/internal.waw.pl\/#website\"},\"primaryImageOfPage\":{\"@id\":\"https:\/\/internal.waw.pl\/?page_id=329#primaryimage\"},\"image\":{\"@id\":\"https:\/\/internal.waw.pl\/?page_id=329#primaryimage\"},\"thumbnailUrl\":\"https:\/\/internal.waw.pl\/wp-content\/plugins\/wpforms-lite\/assets\/images\/submit-spin.svg\",\"datePublished\":\"2024-10-01T18:16:24+00:00\",\"dateModified\":\"2024-10-01T19:08:27+00:00\",\"breadcrumb\":{\"@id\":\"https:\/\/internal.waw.pl\/?page_id=329#breadcrumb\"},\"inLanguage\":\"pl-PL\",\"potentialAction\":[{\"@type\":\"ReadAction\",\"target\":[\"https:\/\/internal.waw.pl\/?page_id=329\"]}]},{\"@type\":\"ImageObject\",\"inLanguage\":\"pl-PL\",\"@id\":\"https:\/\/internal.waw.pl\/?page_id=329#primaryimage\",\"url\":\"https:\/\/internal.waw.pl\/wp-content\/plugins\/wpforms-lite\/assets\/images\/submit-spin.svg\",\"contentUrl\":\"https:\/\/internal.waw.pl\/wp-content\/plugins\/wpforms-lite\/assets\/images\/submit-spin.svg\"},{\"@type\":\"BreadcrumbList\",\"@id\":\"https:\/\/internal.waw.pl\/?page_id=329#breadcrumb\",\"itemListElement\":[{\"@type\":\"ListItem\",\"position\":1,\"name\":\"Home\",\"item\":\"https:\/\/internal.waw.pl\/\"},{\"@type\":\"ListItem\",\"position\":2,\"name\":\"Monika Zientek\"}]},{\"@type\":\"WebSite\",\"@id\":\"https:\/\/internal.waw.pl\/#website\",\"url\":\"https:\/\/internal.waw.pl\/\",\"name\":\"INTERNAL\",\"description\":\"Szkolenia\",\"publisher\":{\"@id\":\"https:\/\/internal.waw.pl\/#organization\"},\"potentialAction\":[{\"@type\":\"SearchAction\",\"target\":{\"@type\":\"EntryPoint\",\"urlTemplate\":\"https:\/\/internal.waw.pl\/?s={search_term_string}\"},\"query-input\":\"required name=search_term_string\"}],\"inLanguage\":\"pl-PL\"},{\"@type\":\"Organization\",\"@id\":\"https:\/\/internal.waw.pl\/#organization\",\"name\":\"INTERNAL\",\"url\":\"https:\/\/internal.waw.pl\/\",\"logo\":{\"@type\":\"ImageObject\",\"inLanguage\":\"pl-PL\",\"@id\":\"https:\/\/internal.waw.pl\/#\/schema\/logo\/image\/\",\"url\":\"https:\/\/internal.waw.pl\/wp-content\/uploads\/2024\/05\/internal.jpg\",\"contentUrl\":\"https:\/\/internal.waw.pl\/wp-content\/uploads\/2024\/05\/internal.jpg\",\"width\":771,\"height\":100,\"caption\":\"INTERNAL\"},\"image\":{\"@id\":\"https:\/\/internal.waw.pl\/#\/schema\/logo\/image\/\"}}]}<\/script>\n<!-- \/ Yoast SEO plugin. -->","yoast_head_json":{"title":"Monika Zientek - INTERNAL","robots":{"index":"index","follow":"follow","max-snippet":"max-snippet:-1","max-image-preview":"max-image-preview:large","max-video-preview":"max-video-preview:-1"},"canonical":"https:\/\/internal.waw.pl\/?page_id=329","og_locale":"pl_PL","og_type":"article","og_title":"Monika Zientek - INTERNAL","og_description":"Jestem psychologiem (ze specjalno\u015bci\u0105: psychologia kliniczna i zdrowia) oraz\u00a0psychoterapeutk\u0105 w nurcie poznawczo-behawioralnym CBT (jestem w trakcie ca\u0142o\u015bciowego czteroletniego szkolenia psychoterapeutycznego). Pracuj\u0119 r\u00f3wnie\u017c w nurcie dialektyczno-behawioralnym DBT. Uko\u0144czy\u0142am ca\u0142o\u015bciowe szkolenie Terapii Dialektyczno-Behawioralnej\u00a0DBT Comprehensive prowadzonym przez Polskie Towarzystwo Terapii Dialektyczno-Behawioralnej. Skontaktuj si\u0119 ze mn\u0105: Aby wype\u0142ni\u0107 ten formularz, w\u0142\u0105cz obs\u0142ug\u0119 JavaScript w przegl\u0105darce.Aby wype\u0142ni\u0107 ten formularz, w\u0142\u0105cz [&hellip;]","og_url":"https:\/\/internal.waw.pl\/?page_id=329","og_site_name":"INTERNAL","article_modified_time":"2024-10-01T19:08:27+00:00","og_image":[{"url":"https:\/\/internal.waw.pl\/wp-content\/plugins\/wpforms-lite\/assets\/images\/submit-spin.svg"}],"twitter_card":"summary_large_image","twitter_misc":{"Szacowany czas czytania":"1 minuta"},"schema":{"@context":"https:\/\/schema.org","@graph":[{"@type":"WebPage","@id":"https:\/\/internal.waw.pl\/?page_id=329","url":"https:\/\/internal.waw.pl\/?page_id=329","name":"Monika Zientek - INTERNAL","isPartOf":{"@id":"https:\/\/internal.waw.pl\/#website"},"primaryImageOfPage":{"@id":"https:\/\/internal.waw.pl\/?page_id=329#primaryimage"},"image":{"@id":"https:\/\/internal.waw.pl\/?page_id=329#primaryimage"},"thumbnailUrl":"https:\/\/internal.waw.pl\/wp-content\/plugins\/wpforms-lite\/assets\/images\/submit-spin.svg","datePublished":"2024-10-01T18:16:24+00:00","dateModified":"2024-10-01T19:08:27+00:00","breadcrumb":{"@id":"https:\/\/internal.waw.pl\/?page_id=329#breadcrumb"},"inLanguage":"pl-PL","potentialAction":[{"@type":"ReadAction","target":["https:\/\/internal.waw.pl\/?page_id=329"]}]},{"@type":"ImageObject","inLanguage":"pl-PL","@id":"https:\/\/internal.waw.pl\/?page_id=329#primaryimage","url":"https:\/\/internal.waw.pl\/wp-content\/plugins\/wpforms-lite\/assets\/images\/submit-spin.svg","contentUrl":"https:\/\/internal.waw.pl\/wp-content\/plugins\/wpforms-lite\/assets\/images\/submit-spin.svg"},{"@type":"BreadcrumbList","@id":"https:\/\/internal.waw.pl\/?page_id=329#breadcrumb","itemListElement":[{"@type":"ListItem","position":1,"name":"Home","item":"https:\/\/internal.waw.pl\/"},{"@type":"ListItem","position":2,"name":"Monika Zientek"}]},{"@type":"WebSite","@id":"https:\/\/internal.waw.pl\/#website","url":"https:\/\/internal.waw.pl\/","name":"INTERNAL","description":"Szkolenia","publisher":{"@id":"https:\/\/internal.waw.pl\/#organization"},"potentialAction":[{"@type":"SearchAction","target":{"@type":"EntryPoint","urlTemplate":"https:\/\/internal.waw.pl\/?s={search_term_string}"},"query-input":"required name=search_term_string"}],"inLanguage":"pl-PL"},{"@type":"Organization","@id":"https:\/\/internal.waw.pl\/#organization","name":"INTERNAL","url":"https:\/\/internal.waw.pl\/","logo":{"@type":"ImageObject","inLanguage":"pl-PL","@id":"https:\/\/internal.waw.pl\/#\/schema\/logo\/image\/","url":"https:\/\/internal.waw.pl\/wp-content\/uploads\/2024\/05\/internal.jpg","contentUrl":"https:\/\/internal.waw.pl\/wp-content\/uploads\/2024\/05\/internal.jpg","width":771,"height":100,"caption":"INTERNAL"},"image":{"@id":"https:\/\/internal.waw.pl\/#\/schema\/logo\/image\/"}}]}},"_links":{"self":[{"href":"https:\/\/internal.waw.pl\/index.php?rest_route=\/wp\/v2\/pages\/329","targetHints":{"allow":["GET"]}}],"collection":[{"href":"https:\/\/internal.waw.pl\/index.php?rest_route=\/wp\/v2\/pages"}],"about":[{"href":"https:\/\/internal.waw.pl\/index.php?rest_route=\/wp\/v2\/types\/page"}],"author":[{"embeddable":true,"href":"https:\/\/internal.waw.pl\/index.php?rest_route=\/wp\/v2\/users\/1"}],"replies":[{"embeddable":true,"href":"https:\/\/internal.waw.pl\/index.php?rest_route=%2Fwp%2Fv2%2Fcomments&post=329"}],"version-history":[{"count":10,"href":"https:\/\/internal.waw.pl\/index.php?rest_route=\/wp\/v2\/pages\/329\/revisions"}],"predecessor-version":[{"id":392,"href":"https:\/\/internal.waw.pl\/index.php?rest_route=\/wp\/v2\/pages\/329\/revisions\/392"}],"wp:attachment":[{"href":"https:\/\/internal.waw.pl\/index.php?rest_route=%2Fwp%2Fv2%2Fmedia&parent=329"}],"curies":[{"name":"wp","href":"https:\/\/api.w.org\/{rel}","templated":true}]}}