{"id":337,"date":"2024-10-01T20:27:49","date_gmt":"2024-10-01T18:27:49","guid":{"rendered":"https:\/\/internal.waw.pl\/?page_id=337"},"modified":"2024-10-01T21:05:44","modified_gmt":"2024-10-01T19:05:44","slug":"julia-sikorska","status":"publish","type":"page","link":"https:\/\/internal.waw.pl\/?page_id=337","title":{"rendered":"Julia Sikorska"},"content":{"rendered":"\t\t<div data-elementor-type=\"wp-page\" data-elementor-id=\"337\" class=\"elementor elementor-337\">\n\t\t\t\t<div class=\"elementor-element elementor-element-0b25fef e-flex e-con-boxed e-con e-parent\" data-id=\"0b25fef\" data-element_type=\"container\">\n\t\t\t\t\t<div class=\"e-con-inner\">\n\t\t\t\t<div class=\"elementor-element elementor-element-8e3d5b5 elementor-widget elementor-widget-text-editor\" data-id=\"8e3d5b5\" data-element_type=\"widget\" data-widget_type=\"text-editor.default\">\n\t\t\t\t<div class=\"elementor-widget-container\">\n\t\t\t\t\t\t\t<p>Psycholog i psychoterapeuta poznawczo-behawioralny (cert. PTTPB 686), absolwentka Uniwersytetu SWPS, uko\u0144czy\u0142a czteroletnie szkolenie w Centrum CBT EDU.<\/p><p>Posiada do\u015bwiadczenie zdobyte w ca\u0142odobowym centrum terapeutycznym, prywatnych poradniach oraz na sta\u017cu w oddziale psychiatrycznym. Obecnie pracuje<br \/>w oddziale dziennym III Kliniki Instytut Psychiatrii i Neurologii.<\/p><p>Regularnie podnosi swoje kwalifikacje poprzez udzia\u0142 w szkoleniach i konferencjach, mi\u0119dzy innymi szkoli si\u0119 w terapii dialektyczno-behawioralnej (DBT comprehensive).<\/p><p>Pracuje z doros\u0142ymi i m\u0142odzie\u017c\u0105, pomagaj\u0105c osobom z trudno\u015bciami w regulacji emocji, zaburzeniami depresyjnymi, l\u0119kowymi, od\u017cywiania oraz\u00a0osobowo\u015bci, zapewniaj\u0105c najwy\u017csz\u0105 jako\u015b\u0107 terapii poprzez regularn\u0105 superwizj\u0119.<\/p>\t\t\t\t\t\t<\/div>\n\t\t\t\t<\/div>\n\t\t\t\t\t<\/div>\n\t\t\t\t<\/div>\n\t\t<div class=\"elementor-element elementor-element-ec254f0 e-flex e-con-boxed e-con e-parent\" data-id=\"ec254f0\" data-element_type=\"container\">\n\t\t\t\t\t<div class=\"e-con-inner\">\n\t\t\t\t<div class=\"elementor-element elementor-element-09798a2 elementor-widget elementor-widget-text-editor\" data-id=\"09798a2\" data-element_type=\"widget\" data-widget_type=\"text-editor.default\">\n\t\t\t\t<div class=\"elementor-widget-container\">\n\t\t\t\t\t\t\t<p><br \/><b>Skontaktuj si\u0119 ze mn\u0105:<\/b><\/p>\t\t\t\t\t\t<\/div>\n\t\t\t\t<\/div>\n\t\t\t\t\t<\/div>\n\t\t\t\t<\/div>\n\t\t<div class=\"elementor-element elementor-element-128a597 e-flex e-con-boxed e-con e-parent\" data-id=\"128a597\" data-element_type=\"container\">\n\t\t\t\t\t<div class=\"e-con-inner\">\n\t\t\t\t<div class=\"elementor-element elementor-element-53ce1a8 elementor-widget elementor-widget-wpforms\" data-id=\"53ce1a8\" data-element_type=\"widget\" data-widget_type=\"wpforms.default\">\n\t\t\t\t<div class=\"elementor-widget-container\">\n\t\t\t<style id=\"wpforms-css-vars-root\">\n\t\t\t\t:root {\n\t\t\t\t\t--wpforms-field-border-radius: 3px;\n--wpforms-field-border-style: solid;\n--wpforms-field-border-size: 1px;\n--wpforms-field-background-color: #ffffff;\n--wpforms-field-border-color: rgba( 0, 0, 0, 0.25 );\n--wpforms-field-border-color-spare: rgba( 0, 0, 0, 0.25 );\n--wpforms-field-text-color: rgba( 0, 0, 0, 0.7 );\n--wpforms-field-menu-color: #ffffff;\n--wpforms-label-color: rgba( 0, 0, 0, 0.85 );\n--wpforms-label-sublabel-color: rgba( 0, 0, 0, 0.55 );\n--wpforms-label-error-color: #d63637;\n--wpforms-button-border-radius: 3px;\n--wpforms-button-border-style: none;\n--wpforms-button-border-size: 1px;\n--wpforms-button-background-color: #066aab;\n--wpforms-button-border-color: #066aab;\n--wpforms-button-text-color: #ffffff;\n--wpforms-page-break-color: #066aab;\n--wpforms-background-image: none;\n--wpforms-background-position: center center;\n--wpforms-background-repeat: no-repeat;\n--wpforms-background-size: cover;\n--wpforms-background-width: 100px;\n--wpforms-background-height: 100px;\n--wpforms-background-color: rgba( 0, 0, 0, 0 );\n--wpforms-background-url: none;\n--wpforms-container-padding: 0px;\n--wpforms-container-border-style: none;\n--wpforms-container-border-width: 1px;\n--wpforms-container-border-color: #000000;\n--wpforms-container-border-radius: 3px;\n--wpforms-field-size-input-height: 43px;\n--wpforms-field-size-input-spacing: 15px;\n--wpforms-field-size-font-size: 16px;\n--wpforms-field-size-line-height: 19px;\n--wpforms-field-size-padding-h: 14px;\n--wpforms-field-size-checkbox-size: 16px;\n--wpforms-field-size-sublabel-spacing: 5px;\n--wpforms-field-size-icon-size: 1;\n--wpforms-label-size-font-size: 16px;\n--wpforms-label-size-line-height: 19px;\n--wpforms-label-size-sublabel-font-size: 14px;\n--wpforms-label-size-sublabel-line-height: 17px;\n--wpforms-button-size-font-size: 17px;\n--wpforms-button-size-height: 41px;\n--wpforms-button-size-padding-h: 15px;\n--wpforms-button-size-margin-top: 10px;\n--wpforms-container-shadow-size-box-shadow: none;\n\n\t\t\t\t}\n\t\t\t<\/style><style id=\"wpforms-css-vars-elementor-widget-53ce1a8\">\n\t\t\t\t.elementor-widget-wpforms.elementor-element-53ce1a8 {\n\t\t\t\t\t--wpforms-field-size-input-height: 43px;\n--wpforms-field-size-input-spacing: 15px;\n--wpforms-field-size-font-size: 16px;\n--wpforms-field-size-line-height: 19px;\n--wpforms-field-size-padding-h: 14px;\n--wpforms-field-size-checkbox-size: 16px;\n--wpforms-field-size-sublabel-spacing: 5px;\n--wpforms-field-size-icon-size: 1;\n--wpforms-label-size-font-size: 16px;\n--wpforms-label-size-line-height: 19px;\n--wpforms-label-size-sublabel-font-size: 14px;\n--wpforms-label-size-sublabel-line-height: 17px;\n--wpforms-button-size-font-size: 17px;\n--wpforms-button-size-height: 41px;\n--wpforms-button-size-padding-h: 15px;\n--wpforms-button-size-margin-top: 10px;\n\n\t\t\t\t}\n\t\t\t<\/style><div class=\"wpforms-container wpforms-container-full wpforms-render-modern\" id=\"wpforms-377\"><form id=\"wpforms-form-377\" class=\"wpforms-validate wpforms-form wpforms-ajax-form\" data-formid=\"377\" method=\"post\" enctype=\"multipart\/form-data\" action=\"\/index.php?rest_route=%2Fwp%2Fv2%2Fpages%2F337\" data-token=\"e4041e631055303dbfec1e85444fd10b\" data-token-time=\"1776424801\"><noscript class=\"wpforms-error-noscript\">Aby wype\u0142ni\u0107 ten formularz, w\u0142\u0105cz obs\u0142ug\u0119 JavaScript w przegl\u0105darce.<\/noscript><div class=\"wpforms-hidden\" id=\"wpforms-error-noscript\">Aby wype\u0142ni\u0107 ten formularz, w\u0142\u0105cz obs\u0142ug\u0119 JavaScript w przegl\u0105darce.<\/div><div class=\"wpforms-field-container\"><div id=\"wpforms-377-field_3-container\" class=\"wpforms-field wpforms-field-email\" data-field-id=\"3\"><label class=\"wpforms-field-label\" for=\"wpforms-377-field_3\">Adres e-mail <span class=\"wpforms-required-label\" aria-hidden=\"true\">*<\/span><\/label><input type=\"email\" id=\"wpforms-377-field_3\" class=\"wpforms-field-medium wpforms-field-required\" name=\"wpforms[fields][3]\" spellcheck=\"false\" aria-errormessage=\"wpforms-377-field_3-error\" required><\/div><div id=\"wpforms-377-field_4-container\" class=\"wpforms-field wpforms-field-name\" data-field-id=\"4\"><fieldset><legend class=\"wpforms-field-label\">Imi\u0119 i nazwisko<\/legend><div class=\"wpforms-field-row wpforms-field-medium\"><div class=\"wpforms-field-row-block wpforms-first wpforms-one-half\"><input type=\"text\" id=\"wpforms-377-field_4\" class=\"wpforms-field-name-first\" name=\"wpforms[fields][4][first]\" aria-errormessage=\"wpforms-377-field_4-error\" ><label for=\"wpforms-377-field_4\" class=\"wpforms-field-sublabel after\">Imi\u0119<\/label><\/div><div class=\"wpforms-field-row-block wpforms-one-half\"><input type=\"text\" id=\"wpforms-377-field_4-last\" class=\"wpforms-field-name-last\" name=\"wpforms[fields][4][last]\" aria-errormessage=\"wpforms-377-field_4-last-error\" ><label for=\"wpforms-377-field_4-last\" class=\"wpforms-field-sublabel after\">Nazwisko<\/label><\/div><\/div><\/fieldset><\/div><div id=\"wpforms-377-field_5-container\" class=\"wpforms-field wpforms-field-textarea\" data-field-id=\"5\"><label class=\"wpforms-field-label\" for=\"wpforms-377-field_5\">Wiadomo\u015b\u0107 <span class=\"wpforms-required-label\" aria-hidden=\"true\">*<\/span><\/label><textarea id=\"wpforms-377-field_5\" class=\"wpforms-field-medium wpforms-field-required\" name=\"wpforms[fields][5]\" aria-errormessage=\"wpforms-377-field_5-error\" required><\/textarea><\/div><\/div><!-- .wpforms-field-container --><div class=\"wpforms-submit-container\" ><input type=\"hidden\" name=\"wpforms[id]\" value=\"377\"><input type=\"hidden\" name=\"page_title\" value=\"\"><input type=\"hidden\" name=\"page_url\" value=\"https:\/\/internal.waw.pl\/index.php?rest_route=%2Fwp%2Fv2%2Fpages%2F337\"><button type=\"submit\" name=\"wpforms[submit]\" id=\"wpforms-submit-377\" class=\"wpforms-submit\" data-alt-text=\"Wysy\u0142anie...\" data-submit-text=\"Prze\u015blij\" aria-live=\"assertive\" value=\"wpforms-submit\">Prze\u015blij<\/button><img decoding=\"async\" src=\"https:\/\/internal.waw.pl\/wp-content\/plugins\/wpforms-lite\/assets\/images\/submit-spin.svg\" class=\"wpforms-submit-spinner\" style=\"display: none;\" width=\"26\" height=\"26\" alt=\"Wczytywanie\"><\/div><\/form><\/div>  <!-- .wpforms-container -->\t\t<\/div>\n\t\t\t\t<\/div>\n\t\t\t\t\t<\/div>\n\t\t\t\t<\/div>\n\t\t\t\t<\/div>\n\t\t","protected":false},"excerpt":{"rendered":"<p>Psycholog i psychoterapeuta poznawczo-behawioralny (cert. PTTPB 686), absolwentka Uniwersytetu SWPS, uko\u0144czy\u0142a czteroletnie szkolenie w Centrum CBT EDU. Posiada do\u015bwiadczenie zdobyte w ca\u0142odobowym centrum terapeutycznym, prywatnych poradniach oraz na sta\u017cu w oddziale psychiatrycznym. Obecnie pracujew oddziale dziennym III Kliniki Instytut Psychiatrii i Neurologii. Regularnie podnosi swoje kwalifikacje poprzez udzia\u0142 w szkoleniach i konferencjach, mi\u0119dzy innymi szkoli [&hellip;]<\/p>\n","protected":false},"author":1,"featured_media":0,"parent":0,"menu_order":0,"comment_status":"closed","ping_status":"closed","template":"","meta":{"footnotes":""},"class_list":["post-337","page","type-page","status-publish","hentry"],"yoast_head":"<!-- This site is optimized with the Yoast SEO plugin v22.6 - https:\/\/yoast.com\/wordpress\/plugins\/seo\/ -->\n<title>Julia Sikorska - INTERNAL<\/title>\n<meta name=\"robots\" content=\"index, follow, max-snippet:-1, max-image-preview:large, max-video-preview:-1\" \/>\n<link rel=\"canonical\" href=\"https:\/\/internal.waw.pl\/?page_id=337\" \/>\n<meta property=\"og:locale\" content=\"pl_PL\" \/>\n<meta property=\"og:type\" content=\"article\" \/>\n<meta property=\"og:title\" content=\"Julia Sikorska - INTERNAL\" \/>\n<meta property=\"og:description\" content=\"Psycholog i psychoterapeuta poznawczo-behawioralny (cert. PTTPB 686), absolwentka Uniwersytetu SWPS, uko\u0144czy\u0142a czteroletnie szkolenie w Centrum CBT EDU. Posiada do\u015bwiadczenie zdobyte w ca\u0142odobowym centrum terapeutycznym, prywatnych poradniach oraz na sta\u017cu w oddziale psychiatrycznym. Obecnie pracujew oddziale dziennym III Kliniki Instytut Psychiatrii i Neurologii. Regularnie podnosi swoje kwalifikacje poprzez udzia\u0142 w szkoleniach i konferencjach, mi\u0119dzy innymi szkoli [&hellip;]\" \/>\n<meta property=\"og:url\" content=\"https:\/\/internal.waw.pl\/?page_id=337\" \/>\n<meta property=\"og:site_name\" content=\"INTERNAL\" \/>\n<meta property=\"article:modified_time\" content=\"2024-10-01T19:05:44+00:00\" \/>\n<meta property=\"og:image\" content=\"https:\/\/internal.waw.pl\/wp-content\/plugins\/wpforms-lite\/assets\/images\/submit-spin.svg\" \/>\n<meta name=\"twitter:card\" content=\"summary_large_image\" \/>\n<meta name=\"twitter:label1\" content=\"Szacowany czas czytania\" \/>\n\t<meta name=\"twitter:data1\" content=\"1 minuta\" \/>\n<script type=\"application\/ld+json\" class=\"yoast-schema-graph\">{\"@context\":\"https:\/\/schema.org\",\"@graph\":[{\"@type\":\"WebPage\",\"@id\":\"https:\/\/internal.waw.pl\/?page_id=337\",\"url\":\"https:\/\/internal.waw.pl\/?page_id=337\",\"name\":\"Julia Sikorska - INTERNAL\",\"isPartOf\":{\"@id\":\"https:\/\/internal.waw.pl\/#website\"},\"primaryImageOfPage\":{\"@id\":\"https:\/\/internal.waw.pl\/?page_id=337#primaryimage\"},\"image\":{\"@id\":\"https:\/\/internal.waw.pl\/?page_id=337#primaryimage\"},\"thumbnailUrl\":\"https:\/\/internal.waw.pl\/wp-content\/plugins\/wpforms-lite\/assets\/images\/submit-spin.svg\",\"datePublished\":\"2024-10-01T18:27:49+00:00\",\"dateModified\":\"2024-10-01T19:05:44+00:00\",\"breadcrumb\":{\"@id\":\"https:\/\/internal.waw.pl\/?page_id=337#breadcrumb\"},\"inLanguage\":\"pl-PL\",\"potentialAction\":[{\"@type\":\"ReadAction\",\"target\":[\"https:\/\/internal.waw.pl\/?page_id=337\"]}]},{\"@type\":\"ImageObject\",\"inLanguage\":\"pl-PL\",\"@id\":\"https:\/\/internal.waw.pl\/?page_id=337#primaryimage\",\"url\":\"https:\/\/internal.waw.pl\/wp-content\/plugins\/wpforms-lite\/assets\/images\/submit-spin.svg\",\"contentUrl\":\"https:\/\/internal.waw.pl\/wp-content\/plugins\/wpforms-lite\/assets\/images\/submit-spin.svg\"},{\"@type\":\"BreadcrumbList\",\"@id\":\"https:\/\/internal.waw.pl\/?page_id=337#breadcrumb\",\"itemListElement\":[{\"@type\":\"ListItem\",\"position\":1,\"name\":\"Home\",\"item\":\"https:\/\/internal.waw.pl\/\"},{\"@type\":\"ListItem\",\"position\":2,\"name\":\"Julia Sikorska\"}]},{\"@type\":\"WebSite\",\"@id\":\"https:\/\/internal.waw.pl\/#website\",\"url\":\"https:\/\/internal.waw.pl\/\",\"name\":\"INTERNAL\",\"description\":\"Szkolenia\",\"publisher\":{\"@id\":\"https:\/\/internal.waw.pl\/#organization\"},\"potentialAction\":[{\"@type\":\"SearchAction\",\"target\":{\"@type\":\"EntryPoint\",\"urlTemplate\":\"https:\/\/internal.waw.pl\/?s={search_term_string}\"},\"query-input\":\"required name=search_term_string\"}],\"inLanguage\":\"pl-PL\"},{\"@type\":\"Organization\",\"@id\":\"https:\/\/internal.waw.pl\/#organization\",\"name\":\"INTERNAL\",\"url\":\"https:\/\/internal.waw.pl\/\",\"logo\":{\"@type\":\"ImageObject\",\"inLanguage\":\"pl-PL\",\"@id\":\"https:\/\/internal.waw.pl\/#\/schema\/logo\/image\/\",\"url\":\"https:\/\/internal.waw.pl\/wp-content\/uploads\/2024\/05\/internal.jpg\",\"contentUrl\":\"https:\/\/internal.waw.pl\/wp-content\/uploads\/2024\/05\/internal.jpg\",\"width\":771,\"height\":100,\"caption\":\"INTERNAL\"},\"image\":{\"@id\":\"https:\/\/internal.waw.pl\/#\/schema\/logo\/image\/\"}}]}<\/script>\n<!-- \/ Yoast SEO plugin. -->","yoast_head_json":{"title":"Julia Sikorska - INTERNAL","robots":{"index":"index","follow":"follow","max-snippet":"max-snippet:-1","max-image-preview":"max-image-preview:large","max-video-preview":"max-video-preview:-1"},"canonical":"https:\/\/internal.waw.pl\/?page_id=337","og_locale":"pl_PL","og_type":"article","og_title":"Julia Sikorska - INTERNAL","og_description":"Psycholog i psychoterapeuta poznawczo-behawioralny (cert. PTTPB 686), absolwentka Uniwersytetu SWPS, uko\u0144czy\u0142a czteroletnie szkolenie w Centrum CBT EDU. Posiada do\u015bwiadczenie zdobyte w ca\u0142odobowym centrum terapeutycznym, prywatnych poradniach oraz na sta\u017cu w oddziale psychiatrycznym. Obecnie pracujew oddziale dziennym III Kliniki Instytut Psychiatrii i Neurologii. Regularnie podnosi swoje kwalifikacje poprzez udzia\u0142 w szkoleniach i konferencjach, mi\u0119dzy innymi szkoli [&hellip;]","og_url":"https:\/\/internal.waw.pl\/?page_id=337","og_site_name":"INTERNAL","article_modified_time":"2024-10-01T19:05:44+00:00","og_image":[{"url":"https:\/\/internal.waw.pl\/wp-content\/plugins\/wpforms-lite\/assets\/images\/submit-spin.svg"}],"twitter_card":"summary_large_image","twitter_misc":{"Szacowany czas czytania":"1 minuta"},"schema":{"@context":"https:\/\/schema.org","@graph":[{"@type":"WebPage","@id":"https:\/\/internal.waw.pl\/?page_id=337","url":"https:\/\/internal.waw.pl\/?page_id=337","name":"Julia Sikorska - INTERNAL","isPartOf":{"@id":"https:\/\/internal.waw.pl\/#website"},"primaryImageOfPage":{"@id":"https:\/\/internal.waw.pl\/?page_id=337#primaryimage"},"image":{"@id":"https:\/\/internal.waw.pl\/?page_id=337#primaryimage"},"thumbnailUrl":"https:\/\/internal.waw.pl\/wp-content\/plugins\/wpforms-lite\/assets\/images\/submit-spin.svg","datePublished":"2024-10-01T18:27:49+00:00","dateModified":"2024-10-01T19:05:44+00:00","breadcrumb":{"@id":"https:\/\/internal.waw.pl\/?page_id=337#breadcrumb"},"inLanguage":"pl-PL","potentialAction":[{"@type":"ReadAction","target":["https:\/\/internal.waw.pl\/?page_id=337"]}]},{"@type":"ImageObject","inLanguage":"pl-PL","@id":"https:\/\/internal.waw.pl\/?page_id=337#primaryimage","url":"https:\/\/internal.waw.pl\/wp-content\/plugins\/wpforms-lite\/assets\/images\/submit-spin.svg","contentUrl":"https:\/\/internal.waw.pl\/wp-content\/plugins\/wpforms-lite\/assets\/images\/submit-spin.svg"},{"@type":"BreadcrumbList","@id":"https:\/\/internal.waw.pl\/?page_id=337#breadcrumb","itemListElement":[{"@type":"ListItem","position":1,"name":"Home","item":"https:\/\/internal.waw.pl\/"},{"@type":"ListItem","position":2,"name":"Julia Sikorska"}]},{"@type":"WebSite","@id":"https:\/\/internal.waw.pl\/#website","url":"https:\/\/internal.waw.pl\/","name":"INTERNAL","description":"Szkolenia","publisher":{"@id":"https:\/\/internal.waw.pl\/#organization"},"potentialAction":[{"@type":"SearchAction","target":{"@type":"EntryPoint","urlTemplate":"https:\/\/internal.waw.pl\/?s={search_term_string}"},"query-input":"required name=search_term_string"}],"inLanguage":"pl-PL"},{"@type":"Organization","@id":"https:\/\/internal.waw.pl\/#organization","name":"INTERNAL","url":"https:\/\/internal.waw.pl\/","logo":{"@type":"ImageObject","inLanguage":"pl-PL","@id":"https:\/\/internal.waw.pl\/#\/schema\/logo\/image\/","url":"https:\/\/internal.waw.pl\/wp-content\/uploads\/2024\/05\/internal.jpg","contentUrl":"https:\/\/internal.waw.pl\/wp-content\/uploads\/2024\/05\/internal.jpg","width":771,"height":100,"caption":"INTERNAL"},"image":{"@id":"https:\/\/internal.waw.pl\/#\/schema\/logo\/image\/"}}]}},"_links":{"self":[{"href":"https:\/\/internal.waw.pl\/index.php?rest_route=\/wp\/v2\/pages\/337","targetHints":{"allow":["GET"]}}],"collection":[{"href":"https:\/\/internal.waw.pl\/index.php?rest_route=\/wp\/v2\/pages"}],"about":[{"href":"https:\/\/internal.waw.pl\/index.php?rest_route=\/wp\/v2\/types\/page"}],"author":[{"embeddable":true,"href":"https:\/\/internal.waw.pl\/index.php?rest_route=\/wp\/v2\/users\/1"}],"replies":[{"embeddable":true,"href":"https:\/\/internal.waw.pl\/index.php?rest_route=%2Fwp%2Fv2%2Fcomments&post=337"}],"version-history":[{"count":10,"href":"https:\/\/internal.waw.pl\/index.php?rest_route=\/wp\/v2\/pages\/337\/revisions"}],"predecessor-version":[{"id":386,"href":"https:\/\/internal.waw.pl\/index.php?rest_route=\/wp\/v2\/pages\/337\/revisions\/386"}],"wp:attachment":[{"href":"https:\/\/internal.waw.pl\/index.php?rest_route=%2Fwp%2Fv2%2Fmedia&parent=337"}],"curies":[{"name":"wp","href":"https:\/\/api.w.org\/{rel}","templated":true}]}}