{"id":351,"date":"2024-10-01T20:45:37","date_gmt":"2024-10-01T18:45:37","guid":{"rendered":"https:\/\/internal.waw.pl\/?page_id=351"},"modified":"2024-10-01T21:07:19","modified_gmt":"2024-10-01T19:07:19","slug":"marcin-markiewicz","status":"publish","type":"page","link":"https:\/\/internal.waw.pl\/?page_id=351","title":{"rendered":"Marcin Markiewicz"},"content":{"rendered":"\t\t<div data-elementor-type=\"wp-page\" data-elementor-id=\"351\" class=\"elementor elementor-351\">\n\t\t\t\t<div class=\"elementor-element elementor-element-2152496 e-flex e-con-boxed e-con e-parent\" data-id=\"2152496\" data-element_type=\"container\">\n\t\t\t\t\t<div class=\"e-con-inner\">\n\t\t\t\t<div class=\"elementor-element elementor-element-fc1b529 elementor-widget elementor-widget-text-editor\" data-id=\"fc1b529\" data-element_type=\"widget\" data-widget_type=\"text-editor.default\">\n\t\t\t\t<div class=\"elementor-widget-container\">\n\t\t\t\t\t\t\t<p>Jestem psychoterapeut\u0105 poznawczo-behawioralnym z wieloletnim do\u015bwiadczeniem<br \/>w pracy z r\u00f3\u017cnorodnymi grupami pacjent\u00f3w.<\/p><p>Specjalizuj\u0119 si\u0119 r\u00f3wnie\u017c w terapii dialektyczno-behawioralnej (DBT)<br \/>oraz psychotraumatologii.<\/p>\t\t\t\t\t\t<\/div>\n\t\t\t\t<\/div>\n\t\t\t\t\t<\/div>\n\t\t\t\t<\/div>\n\t\t<div class=\"elementor-element elementor-element-880a55c e-flex e-con-boxed e-con e-parent\" data-id=\"880a55c\" data-element_type=\"container\">\n\t\t\t\t\t<div class=\"e-con-inner\">\n\t\t\t\t<div class=\"elementor-element elementor-element-ad5e6f2 elementor-widget elementor-widget-text-editor\" data-id=\"ad5e6f2\" data-element_type=\"widget\" data-widget_type=\"text-editor.default\">\n\t\t\t\t<div class=\"elementor-widget-container\">\n\t\t\t\t\t\t\t<p><b><br \/>Skontaktuj si\u0119 ze mn\u0105:<\/b><\/p>\t\t\t\t\t\t<\/div>\n\t\t\t\t<\/div>\n\t\t\t\t\t<\/div>\n\t\t\t\t<\/div>\n\t\t<div class=\"elementor-element elementor-element-41c54ca e-flex e-con-boxed e-con e-parent\" data-id=\"41c54ca\" data-element_type=\"container\">\n\t\t\t\t\t<div class=\"e-con-inner\">\n\t\t\t\t<div class=\"elementor-element elementor-element-60960f8 elementor-widget elementor-widget-wpforms\" data-id=\"60960f8\" data-element_type=\"widget\" data-widget_type=\"wpforms.default\">\n\t\t\t\t<div class=\"elementor-widget-container\">\n\t\t\t<style id=\"wpforms-css-vars-root\">\n\t\t\t\t:root {\n\t\t\t\t\t--wpforms-field-border-radius: 3px;\n--wpforms-field-border-style: solid;\n--wpforms-field-border-size: 1px;\n--wpforms-field-background-color: #ffffff;\n--wpforms-field-border-color: rgba( 0, 0, 0, 0.25 );\n--wpforms-field-border-color-spare: rgba( 0, 0, 0, 0.25 );\n--wpforms-field-text-color: rgba( 0, 0, 0, 0.7 );\n--wpforms-field-menu-color: #ffffff;\n--wpforms-label-color: rgba( 0, 0, 0, 0.85 );\n--wpforms-label-sublabel-color: rgba( 0, 0, 0, 0.55 );\n--wpforms-label-error-color: #d63637;\n--wpforms-button-border-radius: 3px;\n--wpforms-button-border-style: none;\n--wpforms-button-border-size: 1px;\n--wpforms-button-background-color: #066aab;\n--wpforms-button-border-color: #066aab;\n--wpforms-button-text-color: #ffffff;\n--wpforms-page-break-color: #066aab;\n--wpforms-background-image: none;\n--wpforms-background-position: center center;\n--wpforms-background-repeat: no-repeat;\n--wpforms-background-size: cover;\n--wpforms-background-width: 100px;\n--wpforms-background-height: 100px;\n--wpforms-background-color: rgba( 0, 0, 0, 0 );\n--wpforms-background-url: none;\n--wpforms-container-padding: 0px;\n--wpforms-container-border-style: none;\n--wpforms-container-border-width: 1px;\n--wpforms-container-border-color: #000000;\n--wpforms-container-border-radius: 3px;\n--wpforms-field-size-input-height: 43px;\n--wpforms-field-size-input-spacing: 15px;\n--wpforms-field-size-font-size: 16px;\n--wpforms-field-size-line-height: 19px;\n--wpforms-field-size-padding-h: 14px;\n--wpforms-field-size-checkbox-size: 16px;\n--wpforms-field-size-sublabel-spacing: 5px;\n--wpforms-field-size-icon-size: 1;\n--wpforms-label-size-font-size: 16px;\n--wpforms-label-size-line-height: 19px;\n--wpforms-label-size-sublabel-font-size: 14px;\n--wpforms-label-size-sublabel-line-height: 17px;\n--wpforms-button-size-font-size: 17px;\n--wpforms-button-size-height: 41px;\n--wpforms-button-size-padding-h: 15px;\n--wpforms-button-size-margin-top: 10px;\n--wpforms-container-shadow-size-box-shadow: none;\n\n\t\t\t\t}\n\t\t\t<\/style><style id=\"wpforms-css-vars-elementor-widget-60960f8\">\n\t\t\t\t.elementor-widget-wpforms.elementor-element-60960f8 {\n\t\t\t\t\t--wpforms-field-size-input-height: 43px;\n--wpforms-field-size-input-spacing: 15px;\n--wpforms-field-size-font-size: 16px;\n--wpforms-field-size-line-height: 19px;\n--wpforms-field-size-padding-h: 14px;\n--wpforms-field-size-checkbox-size: 16px;\n--wpforms-field-size-sublabel-spacing: 5px;\n--wpforms-field-size-icon-size: 1;\n--wpforms-label-size-font-size: 16px;\n--wpforms-label-size-line-height: 19px;\n--wpforms-label-size-sublabel-font-size: 14px;\n--wpforms-label-size-sublabel-line-height: 17px;\n--wpforms-button-size-font-size: 17px;\n--wpforms-button-size-height: 41px;\n--wpforms-button-size-padding-h: 15px;\n--wpforms-button-size-margin-top: 10px;\n\n\t\t\t\t}\n\t\t\t<\/style><div class=\"wpforms-container wpforms-container-full wpforms-render-modern\" id=\"wpforms-369\"><form id=\"wpforms-form-369\" class=\"wpforms-validate wpforms-form wpforms-ajax-form\" data-formid=\"369\" method=\"post\" enctype=\"multipart\/form-data\" action=\"\/index.php?rest_route=%2Fwp%2Fv2%2Fpages%2F351\" data-token=\"497c1a4bb3354e82cfde6212a9e9ae82\" data-token-time=\"1776424800\"><noscript class=\"wpforms-error-noscript\">Aby wype\u0142ni\u0107 ten formularz, w\u0142\u0105cz obs\u0142ug\u0119 JavaScript w przegl\u0105darce.<\/noscript><div class=\"wpforms-hidden\" id=\"wpforms-error-noscript\">Aby wype\u0142ni\u0107 ten formularz, w\u0142\u0105cz obs\u0142ug\u0119 JavaScript w przegl\u0105darce.<\/div><div class=\"wpforms-field-container\"><div id=\"wpforms-369-field_3-container\" class=\"wpforms-field wpforms-field-email\" data-field-id=\"3\"><label class=\"wpforms-field-label\" for=\"wpforms-369-field_3\">Adres e-mail <span class=\"wpforms-required-label\" aria-hidden=\"true\">*<\/span><\/label><input type=\"email\" id=\"wpforms-369-field_3\" class=\"wpforms-field-medium wpforms-field-required\" name=\"wpforms[fields][3]\" spellcheck=\"false\" aria-errormessage=\"wpforms-369-field_3-error\" required><\/div><div id=\"wpforms-369-field_4-container\" class=\"wpforms-field wpforms-field-name\" data-field-id=\"4\"><fieldset><legend class=\"wpforms-field-label\">Imi\u0119 i nazwisko<\/legend><div class=\"wpforms-field-row wpforms-field-medium\"><div class=\"wpforms-field-row-block wpforms-first wpforms-one-half\"><input type=\"text\" id=\"wpforms-369-field_4\" class=\"wpforms-field-name-first\" name=\"wpforms[fields][4][first]\" aria-errormessage=\"wpforms-369-field_4-error\" ><label for=\"wpforms-369-field_4\" class=\"wpforms-field-sublabel after\">Imi\u0119<\/label><\/div><div class=\"wpforms-field-row-block wpforms-one-half\"><input type=\"text\" id=\"wpforms-369-field_4-last\" class=\"wpforms-field-name-last\" name=\"wpforms[fields][4][last]\" aria-errormessage=\"wpforms-369-field_4-last-error\" ><label for=\"wpforms-369-field_4-last\" class=\"wpforms-field-sublabel after\">Nazwisko<\/label><\/div><\/div><\/fieldset><\/div><div id=\"wpforms-369-field_5-container\" class=\"wpforms-field wpforms-field-textarea\" data-field-id=\"5\"><label class=\"wpforms-field-label\" for=\"wpforms-369-field_5\">Wiadomo\u015b\u0107 <span class=\"wpforms-required-label\" aria-hidden=\"true\">*<\/span><\/label><textarea id=\"wpforms-369-field_5\" class=\"wpforms-field-medium wpforms-field-required\" name=\"wpforms[fields][5]\" aria-errormessage=\"wpforms-369-field_5-error\" required><\/textarea><\/div><\/div><!-- .wpforms-field-container --><div class=\"wpforms-submit-container\" ><input type=\"hidden\" name=\"wpforms[id]\" value=\"369\"><input type=\"hidden\" name=\"page_title\" value=\"\"><input type=\"hidden\" name=\"page_url\" value=\"https:\/\/internal.waw.pl\/index.php?rest_route=%2Fwp%2Fv2%2Fpages%2F351\"><button type=\"submit\" name=\"wpforms[submit]\" id=\"wpforms-submit-369\" class=\"wpforms-submit\" data-alt-text=\"Wysy\u0142anie...\" data-submit-text=\"Prze\u015blij\" aria-live=\"assertive\" value=\"wpforms-submit\">Prze\u015blij<\/button><img decoding=\"async\" src=\"https:\/\/internal.waw.pl\/wp-content\/plugins\/wpforms-lite\/assets\/images\/submit-spin.svg\" class=\"wpforms-submit-spinner\" style=\"display: none;\" width=\"26\" height=\"26\" alt=\"Wczytywanie\"><\/div><\/form><\/div>  <!-- .wpforms-container -->\t\t<\/div>\n\t\t\t\t<\/div>\n\t\t\t\t\t<\/div>\n\t\t\t\t<\/div>\n\t\t\t\t<\/div>\n\t\t","protected":false},"excerpt":{"rendered":"<p>Jestem psychoterapeut\u0105 poznawczo-behawioralnym z wieloletnim do\u015bwiadczeniemw pracy z r\u00f3\u017cnorodnymi grupami pacjent\u00f3w. Specjalizuj\u0119 si\u0119 r\u00f3wnie\u017c w terapii dialektyczno-behawioralnej (DBT)oraz psychotraumatologii. Skontaktuj si\u0119 ze mn\u0105: Aby wype\u0142ni\u0107 ten formularz, w\u0142\u0105cz obs\u0142ug\u0119 JavaScript w przegl\u0105darce.Aby wype\u0142ni\u0107 ten formularz, w\u0142\u0105cz obs\u0142ug\u0119 JavaScript w przegl\u0105darce.Adres e-mail * Imi\u0119 i nazwisko Imi\u0119Nazwisko Wiadomo\u015b\u0107 * Prze\u015blij<\/p>\n","protected":false},"author":1,"featured_media":0,"parent":0,"menu_order":0,"comment_status":"closed","ping_status":"closed","template":"","meta":{"footnotes":""},"class_list":["post-351","page","type-page","status-publish","hentry"],"yoast_head":"<!-- This site is optimized with the Yoast SEO plugin v22.6 - https:\/\/yoast.com\/wordpress\/plugins\/seo\/ -->\n<title>Marcin Markiewicz - INTERNAL<\/title>\n<meta name=\"robots\" content=\"index, follow, max-snippet:-1, max-image-preview:large, max-video-preview:-1\" \/>\n<link rel=\"canonical\" href=\"https:\/\/internal.waw.pl\/?page_id=351\" \/>\n<meta property=\"og:locale\" content=\"pl_PL\" \/>\n<meta property=\"og:type\" content=\"article\" \/>\n<meta property=\"og:title\" content=\"Marcin Markiewicz - INTERNAL\" \/>\n<meta property=\"og:description\" content=\"Jestem psychoterapeut\u0105 poznawczo-behawioralnym z wieloletnim do\u015bwiadczeniemw pracy z r\u00f3\u017cnorodnymi grupami pacjent\u00f3w. Specjalizuj\u0119 si\u0119 r\u00f3wnie\u017c w terapii dialektyczno-behawioralnej (DBT)oraz psychotraumatologii. Skontaktuj si\u0119 ze mn\u0105: Aby wype\u0142ni\u0107 ten formularz, w\u0142\u0105cz obs\u0142ug\u0119 JavaScript w przegl\u0105darce.Aby wype\u0142ni\u0107 ten formularz, w\u0142\u0105cz obs\u0142ug\u0119 JavaScript w przegl\u0105darce.Adres e-mail * Imi\u0119 i nazwisko Imi\u0119Nazwisko Wiadomo\u015b\u0107 * Prze\u015blij\" \/>\n<meta property=\"og:url\" content=\"https:\/\/internal.waw.pl\/?page_id=351\" \/>\n<meta property=\"og:site_name\" content=\"INTERNAL\" \/>\n<meta property=\"article:modified_time\" content=\"2024-10-01T19:07:19+00:00\" \/>\n<meta property=\"og:image\" content=\"https:\/\/internal.waw.pl\/wp-content\/plugins\/wpforms-lite\/assets\/images\/submit-spin.svg\" \/>\n<meta name=\"twitter:card\" content=\"summary_large_image\" \/>\n<meta name=\"twitter:label1\" content=\"Szacowany czas czytania\" \/>\n\t<meta name=\"twitter:data1\" content=\"1 minuta\" \/>\n<script type=\"application\/ld+json\" class=\"yoast-schema-graph\">{\"@context\":\"https:\/\/schema.org\",\"@graph\":[{\"@type\":\"WebPage\",\"@id\":\"https:\/\/internal.waw.pl\/?page_id=351\",\"url\":\"https:\/\/internal.waw.pl\/?page_id=351\",\"name\":\"Marcin Markiewicz - INTERNAL\",\"isPartOf\":{\"@id\":\"https:\/\/internal.waw.pl\/#website\"},\"primaryImageOfPage\":{\"@id\":\"https:\/\/internal.waw.pl\/?page_id=351#primaryimage\"},\"image\":{\"@id\":\"https:\/\/internal.waw.pl\/?page_id=351#primaryimage\"},\"thumbnailUrl\":\"https:\/\/internal.waw.pl\/wp-content\/plugins\/wpforms-lite\/assets\/images\/submit-spin.svg\",\"datePublished\":\"2024-10-01T18:45:37+00:00\",\"dateModified\":\"2024-10-01T19:07:19+00:00\",\"breadcrumb\":{\"@id\":\"https:\/\/internal.waw.pl\/?page_id=351#breadcrumb\"},\"inLanguage\":\"pl-PL\",\"potentialAction\":[{\"@type\":\"ReadAction\",\"target\":[\"https:\/\/internal.waw.pl\/?page_id=351\"]}]},{\"@type\":\"ImageObject\",\"inLanguage\":\"pl-PL\",\"@id\":\"https:\/\/internal.waw.pl\/?page_id=351#primaryimage\",\"url\":\"https:\/\/internal.waw.pl\/wp-content\/plugins\/wpforms-lite\/assets\/images\/submit-spin.svg\",\"contentUrl\":\"https:\/\/internal.waw.pl\/wp-content\/plugins\/wpforms-lite\/assets\/images\/submit-spin.svg\"},{\"@type\":\"BreadcrumbList\",\"@id\":\"https:\/\/internal.waw.pl\/?page_id=351#breadcrumb\",\"itemListElement\":[{\"@type\":\"ListItem\",\"position\":1,\"name\":\"Home\",\"item\":\"https:\/\/internal.waw.pl\/\"},{\"@type\":\"ListItem\",\"position\":2,\"name\":\"Marcin Markiewicz\"}]},{\"@type\":\"WebSite\",\"@id\":\"https:\/\/internal.waw.pl\/#website\",\"url\":\"https:\/\/internal.waw.pl\/\",\"name\":\"INTERNAL\",\"description\":\"Szkolenia\",\"publisher\":{\"@id\":\"https:\/\/internal.waw.pl\/#organization\"},\"potentialAction\":[{\"@type\":\"SearchAction\",\"target\":{\"@type\":\"EntryPoint\",\"urlTemplate\":\"https:\/\/internal.waw.pl\/?s={search_term_string}\"},\"query-input\":\"required name=search_term_string\"}],\"inLanguage\":\"pl-PL\"},{\"@type\":\"Organization\",\"@id\":\"https:\/\/internal.waw.pl\/#organization\",\"name\":\"INTERNAL\",\"url\":\"https:\/\/internal.waw.pl\/\",\"logo\":{\"@type\":\"ImageObject\",\"inLanguage\":\"pl-PL\",\"@id\":\"https:\/\/internal.waw.pl\/#\/schema\/logo\/image\/\",\"url\":\"https:\/\/internal.waw.pl\/wp-content\/uploads\/2024\/05\/internal.jpg\",\"contentUrl\":\"https:\/\/internal.waw.pl\/wp-content\/uploads\/2024\/05\/internal.jpg\",\"width\":771,\"height\":100,\"caption\":\"INTERNAL\"},\"image\":{\"@id\":\"https:\/\/internal.waw.pl\/#\/schema\/logo\/image\/\"}}]}<\/script>\n<!-- \/ Yoast SEO plugin. -->","yoast_head_json":{"title":"Marcin Markiewicz - INTERNAL","robots":{"index":"index","follow":"follow","max-snippet":"max-snippet:-1","max-image-preview":"max-image-preview:large","max-video-preview":"max-video-preview:-1"},"canonical":"https:\/\/internal.waw.pl\/?page_id=351","og_locale":"pl_PL","og_type":"article","og_title":"Marcin Markiewicz - INTERNAL","og_description":"Jestem psychoterapeut\u0105 poznawczo-behawioralnym z wieloletnim do\u015bwiadczeniemw pracy z r\u00f3\u017cnorodnymi grupami pacjent\u00f3w. Specjalizuj\u0119 si\u0119 r\u00f3wnie\u017c w terapii dialektyczno-behawioralnej (DBT)oraz psychotraumatologii. Skontaktuj si\u0119 ze mn\u0105: Aby wype\u0142ni\u0107 ten formularz, w\u0142\u0105cz obs\u0142ug\u0119 JavaScript w przegl\u0105darce.Aby wype\u0142ni\u0107 ten formularz, w\u0142\u0105cz obs\u0142ug\u0119 JavaScript w przegl\u0105darce.Adres e-mail * Imi\u0119 i nazwisko Imi\u0119Nazwisko Wiadomo\u015b\u0107 * Prze\u015blij","og_url":"https:\/\/internal.waw.pl\/?page_id=351","og_site_name":"INTERNAL","article_modified_time":"2024-10-01T19:07:19+00:00","og_image":[{"url":"https:\/\/internal.waw.pl\/wp-content\/plugins\/wpforms-lite\/assets\/images\/submit-spin.svg"}],"twitter_card":"summary_large_image","twitter_misc":{"Szacowany czas czytania":"1 minuta"},"schema":{"@context":"https:\/\/schema.org","@graph":[{"@type":"WebPage","@id":"https:\/\/internal.waw.pl\/?page_id=351","url":"https:\/\/internal.waw.pl\/?page_id=351","name":"Marcin Markiewicz - INTERNAL","isPartOf":{"@id":"https:\/\/internal.waw.pl\/#website"},"primaryImageOfPage":{"@id":"https:\/\/internal.waw.pl\/?page_id=351#primaryimage"},"image":{"@id":"https:\/\/internal.waw.pl\/?page_id=351#primaryimage"},"thumbnailUrl":"https:\/\/internal.waw.pl\/wp-content\/plugins\/wpforms-lite\/assets\/images\/submit-spin.svg","datePublished":"2024-10-01T18:45:37+00:00","dateModified":"2024-10-01T19:07:19+00:00","breadcrumb":{"@id":"https:\/\/internal.waw.pl\/?page_id=351#breadcrumb"},"inLanguage":"pl-PL","potentialAction":[{"@type":"ReadAction","target":["https:\/\/internal.waw.pl\/?page_id=351"]}]},{"@type":"ImageObject","inLanguage":"pl-PL","@id":"https:\/\/internal.waw.pl\/?page_id=351#primaryimage","url":"https:\/\/internal.waw.pl\/wp-content\/plugins\/wpforms-lite\/assets\/images\/submit-spin.svg","contentUrl":"https:\/\/internal.waw.pl\/wp-content\/plugins\/wpforms-lite\/assets\/images\/submit-spin.svg"},{"@type":"BreadcrumbList","@id":"https:\/\/internal.waw.pl\/?page_id=351#breadcrumb","itemListElement":[{"@type":"ListItem","position":1,"name":"Home","item":"https:\/\/internal.waw.pl\/"},{"@type":"ListItem","position":2,"name":"Marcin Markiewicz"}]},{"@type":"WebSite","@id":"https:\/\/internal.waw.pl\/#website","url":"https:\/\/internal.waw.pl\/","name":"INTERNAL","description":"Szkolenia","publisher":{"@id":"https:\/\/internal.waw.pl\/#organization"},"potentialAction":[{"@type":"SearchAction","target":{"@type":"EntryPoint","urlTemplate":"https:\/\/internal.waw.pl\/?s={search_term_string}"},"query-input":"required name=search_term_string"}],"inLanguage":"pl-PL"},{"@type":"Organization","@id":"https:\/\/internal.waw.pl\/#organization","name":"INTERNAL","url":"https:\/\/internal.waw.pl\/","logo":{"@type":"ImageObject","inLanguage":"pl-PL","@id":"https:\/\/internal.waw.pl\/#\/schema\/logo\/image\/","url":"https:\/\/internal.waw.pl\/wp-content\/uploads\/2024\/05\/internal.jpg","contentUrl":"https:\/\/internal.waw.pl\/wp-content\/uploads\/2024\/05\/internal.jpg","width":771,"height":100,"caption":"INTERNAL"},"image":{"@id":"https:\/\/internal.waw.pl\/#\/schema\/logo\/image\/"}}]}},"_links":{"self":[{"href":"https:\/\/internal.waw.pl\/index.php?rest_route=\/wp\/v2\/pages\/351","targetHints":{"allow":["GET"]}}],"collection":[{"href":"https:\/\/internal.waw.pl\/index.php?rest_route=\/wp\/v2\/pages"}],"about":[{"href":"https:\/\/internal.waw.pl\/index.php?rest_route=\/wp\/v2\/types\/page"}],"author":[{"embeddable":true,"href":"https:\/\/internal.waw.pl\/index.php?rest_route=\/wp\/v2\/users\/1"}],"replies":[{"embeddable":true,"href":"https:\/\/internal.waw.pl\/index.php?rest_route=%2Fwp%2Fv2%2Fcomments&post=351"}],"version-history":[{"count":10,"href":"https:\/\/internal.waw.pl\/index.php?rest_route=\/wp\/v2\/pages\/351\/revisions"}],"predecessor-version":[{"id":389,"href":"https:\/\/internal.waw.pl\/index.php?rest_route=\/wp\/v2\/pages\/351\/revisions\/389"}],"wp:attachment":[{"href":"https:\/\/internal.waw.pl\/index.php?rest_route=%2Fwp%2Fv2%2Fmedia&parent=351"}],"curies":[{"name":"wp","href":"https:\/\/api.w.org\/{rel}","templated":true}]}}